{"id":41287,"date":"2026-04-19T15:20:49","date_gmt":"2026-04-19T15:20:49","guid":{"rendered":"https:\/\/singuli.wpress.me\/index.php\/proizvod\/domo-do223s-rucni-usisavac-za-krevete-i-sofe\/"},"modified":"2026-04-20T12:33:36","modified_gmt":"2026-04-20T12:33:36","slug":"domo-do223s-rucni-usisavac-za-krevete-i-sofe","status":"publish","type":"product","link":"https:\/\/singuli.wpress.me\/index.php\/proizvod\/domo-do223s-rucni-usisavac-za-krevete-i-sofe\/","title":{"rendered":"DOMO DO223S, ru\u010dni usisava\u010d, za krevete i sofe"},"content":{"rendered":"<p>Domo usisava\u010d bez vre\u0107ice DO223S elegantan je i prakti\u010dan pomo\u0107nik za svaki dom. Jedinstveni antibakterijski usisava\u010d idealan je za temeljito \u010di\u0161\u0107enje i dezinfekciju madraca, posteljine, presvlaka i drugih povr\u0161ina. Usisava\u010d DO223S radi bez upotrebe kemikalija i, zahvaljuju\u0107i svom u\u010dinkovitom UV zra\u010denju, uklanja do 99,9 % bakterija, virusa i gljivica. Osim toga, rotiraju\u0107a \u010detka je prednost za hvatanje dlaka, kose i druge prljav\u0161tine.<br \/>\nUsisava\u010d ima 3 stupnja filtracije. Ciklonski sustav brine se za prljav\u0161tinu, filter za pra\u0161inu hvata pra\u0161inu sitnih \u010destica, a u\u010dinkoviti HEPA filter zatim hvata najsitnije \u010destice prljav\u0161tine i pra\u0161ine. Iz usisava\u010da se ve\u0107 ispumpava samo \u010disti zrak. Sa lako\u0107om se mo\u017eete pobrinuti za \u010di\u0161\u0107enje prostora, \u0161to \u0107e posebno zadovoljiti alergi\u010dare. Ne morate brinuti ni o kompliciranom odr\u017eavanju jer se svi filtri mogu prati. Prilo\u017eena je i \u010detkica za \u010di\u0161\u0107enje ure\u0111aja.<\/p>\n<p>3 funkcije:<br \/>\n&#8211; UV svjetlo djeluje steriliziraju\u0107e i uni\u0161tava 99,9% svih bakterija. UV lampa duljine 9,5 cm: iz sigurnosnih razloga svijetli samo kada je usisava\u010d pri\u010dvr\u0161\u0107en na postolje i sigurnosni senzori svjetla su za\u0161ti\u0107eni (\u017eivotni vijek cca. 300 sati rada)<br \/>\n&#8211; Rotiraju\u0107a \u010detka za pod otpu\u0161ta zarobljenu prljav\u0161tinu<br \/>\n&#8211; Sna\u017ean usisava\u010d za dubinsko \u010di\u0161\u0107enje: uklanja grinje, bakterije, dlake&#8230; Idealan za madrace, tapecirani namje\u0161taj, jastuke, male tepihe, ko\u0161are za pse ili ma\u010dke.<\/p>\n<p>3 razine filtracije:<br \/>\n&#8211; Ciklonski sustav odvaja grube ne\u010disto\u0107e<br \/>\n&#8211; Filtar za pra\u0161inu zadr\u017eava sitnije \u010destice pra\u0161ine<br \/>\n&#8211; HEPA filtracija na kraju hvata i najmanje \u010destice i iz usisava\u010da izlazi samo \u010disti zrak<\/p>\n","protected":false},"excerpt":{"rendered":"<p>Rotiraju\u0107a \u010detka za pod otpu\u0161ta zarobljenu prljav\u0161tinu<br \/>\nDezinfekcija UV-C zra\u010denjem bez upotrebe kemikalija<br \/>\nSustav bez vre\u0107ice s lako uklonjivim spremnikom za pra\u0161inu<\/p>\n","protected":false},"featured_media":0,"template":"","meta":{"_seopress_robots_primary_cat":"","_seopress_titles_title":"","_seopress_titles_desc":"","_seopress_robots_index":"","iawp_total_views":0},"product_brand":[255],"product_cat":[160,271],"product_tag":[],"class_list":{"0":"post-41287","1":"product","2":"type-product","3":"status-publish","5":"product_brand-domo","6":"product_cat-mali-kucanski-aparati","7":"product_cat-usisavaci-i-ciscenje-160","9":"first","10":"outofstock","11":"shipping-taxable","12":"purchasable","13":"product-type-simple"},"_links":{"self":[{"href":"https:\/\/singuli.wpress.me\/index.php\/wp-json\/wp\/v2\/product\/41287","targetHints":{"allow":["GET"]}}],"collection":[{"href":"https:\/\/singuli.wpress.me\/index.php\/wp-json\/wp\/v2\/product"}],"about":[{"href":"https:\/\/singuli.wpress.me\/index.php\/wp-json\/wp\/v2\/types\/product"}],"version-history":[{"count":0,"href":"https:\/\/singuli.wpress.me\/index.php\/wp-json\/wp\/v2\/product\/41287\/revisions"}],"wp:attachment":[{"href":"https:\/\/singuli.wpress.me\/index.php\/wp-json\/wp\/v2\/media?parent=41287"}],"wp:term":[{"taxonomy":"product_brand","embeddable":true,"href":"https:\/\/singuli.wpress.me\/index.php\/wp-json\/wp\/v2\/product_brand?post=41287"},{"taxonomy":"product_cat","embeddable":true,"href":"https:\/\/singuli.wpress.me\/index.php\/wp-json\/wp\/v2\/product_cat?post=41287"},{"taxonomy":"product_tag","embeddable":true,"href":"https:\/\/singuli.wpress.me\/index.php\/wp-json\/wp\/v2\/product_tag?post=41287"}],"curies":[{"name":"wp","href":"https:\/\/api.w.org\/{rel}","templated":true}]}}