{"id":41293,"date":"2026-04-19T15:20:51","date_gmt":"2026-04-19T15:20:51","guid":{"rendered":"https:\/\/singuli.wpress.me\/index.php\/proizvod\/duck-extra-power-tekucina-za-wc-s-izbjeljivacem-750-ml\/"},"modified":"2026-04-20T12:33:36","modified_gmt":"2026-04-20T12:33:36","slug":"duck-extra-power-tekucina-za-wc-s-izbjeljivacem-750-ml","status":"publish","type":"product","link":"https:\/\/singuli.wpress.me\/index.php\/proizvod\/duck-extra-power-tekucina-za-wc-s-izbjeljivacem-750-ml\/","title":{"rendered":"DUCK Extra Power, teku\u0107ina za WC, s izbjeljiva\u010dem, 750\u00a0ml"},"content":{"rendered":"<p>Duck\u00ae Extra Power izbjeljiva\u010d WC \u0161koljke objedinjuje prednosti izbjeljiva\u010da i u\u010dinak \u010di\u0161\u0107enja pjenu\u0161avih mjehuri\u0107a.<\/p>\n<p>Upute za kori\u0161tenje:<br \/>\n1. Podignite WC \u0161koljku.<br \/>\n2. Za otvaranje proizvoda stisnite \u010dep s obje strane i odvrnite ga.<br \/>\n3. Nagnite proizvod da ispunite vrat gelom.<br \/>\n4. Ravnomjerno nanesite ispod ruba WC \u0161koljke.<br \/>\n5. Po\u010distite iznad i ispod ruba i zatim ispustite vodu.<br \/>\n6. Dobro zatvorite proizvod nakon upotrebe.<br \/>\n7. Za uklanjanje izrazito tvrdokornih mrlja ostavite nekoliko minuta. <\/p>\n","protected":false},"excerpt":{"rendered":"<p>\u010ci\u0161\u0107enje WC \u0161koljke izbjeljiva\u010dem<br \/>\nStvara se aktivna pjena<br \/>\nDjeluje za nekoliko minuta<\/p>\n","protected":false},"featured_media":0,"template":"","meta":{"_seopress_robots_primary_cat":"","_seopress_titles_title":"","_seopress_titles_desc":"","_seopress_robots_index":"","iawp_total_views":0},"product_brand":[410],"product_cat":[284,238],"product_tag":[],"class_list":{"0":"post-41293","1":"product","2":"type-product","3":"status-publish","5":"product_brand-duck","6":"product_cat-sredstva-za-ciscenje-238","7":"product_cat-sve-za-dom","9":"first","10":"instock","11":"shipping-taxable","12":"purchasable","13":"product-type-simple"},"_links":{"self":[{"href":"https:\/\/singuli.wpress.me\/index.php\/wp-json\/wp\/v2\/product\/41293","targetHints":{"allow":["GET"]}}],"collection":[{"href":"https:\/\/singuli.wpress.me\/index.php\/wp-json\/wp\/v2\/product"}],"about":[{"href":"https:\/\/singuli.wpress.me\/index.php\/wp-json\/wp\/v2\/types\/product"}],"version-history":[{"count":0,"href":"https:\/\/singuli.wpress.me\/index.php\/wp-json\/wp\/v2\/product\/41293\/revisions"}],"wp:attachment":[{"href":"https:\/\/singuli.wpress.me\/index.php\/wp-json\/wp\/v2\/media?parent=41293"}],"wp:term":[{"taxonomy":"product_brand","embeddable":true,"href":"https:\/\/singuli.wpress.me\/index.php\/wp-json\/wp\/v2\/product_brand?post=41293"},{"taxonomy":"product_cat","embeddable":true,"href":"https:\/\/singuli.wpress.me\/index.php\/wp-json\/wp\/v2\/product_cat?post=41293"},{"taxonomy":"product_tag","embeddable":true,"href":"https:\/\/singuli.wpress.me\/index.php\/wp-json\/wp\/v2\/product_tag?post=41293"}],"curies":[{"name":"wp","href":"https:\/\/api.w.org\/{rel}","templated":true}]}}