{"id":41294,"date":"2026-04-19T15:20:51","date_gmt":"2026-04-19T15:20:51","guid":{"rendered":"https:\/\/singuli.wpress.me\/index.php\/proizvod\/lenor-sensitive-omeksivac-770-ml\/"},"modified":"2026-04-20T12:33:36","modified_gmt":"2026-04-20T12:33:36","slug":"lenor-sensitive-omeksivac-770-ml","status":"publish","type":"product","link":"https:\/\/singuli.wpress.me\/index.php\/proizvod\/lenor-sensitive-omeksivac-770-ml\/","title":{"rendered":"LENOR Sensitive, omek\u0161iva\u010d, 770\u00a0ml"},"content":{"rendered":"<p>Ako niste sigurni kako bi va\u0161a ko\u017ea ili ko\u017ea va\u0161ih najmilijih mogla reagirati na omek\u0161iva\u010d, s Lenorom Sensitive nemate brige. <\/p>\n<p>Njegovu hipoalergenost i sigurnost za ko\u017eu potvrdilo je udru\u017eenje Skin Care Health Alliance. <\/p>\n<p>Va\u0161e \u0107e rublje biti predivno mekano, \u0161to je posebno va\u017eno ako imate osjetljivu ko\u017eu, i pritom pro\u017eeto ugodnim, nje\u017enim mirisom s da\u0161kom bijelog cvije\u0107a. <\/p>\n<p>Za lijepe dane i mirne no\u0107i. <\/p>\n<p>Naravno, zadnje ali ne i najmanje va\u017eno, sve je lak\u0161e uz omek\u0161iva\u010d koji smanjuje gu\u017evanje i stati\u010dki elektricitet, ubrzava su\u0161enje i olak\u0161ava gla\u010danje.<\/p>\n","protected":false},"excerpt":{"rendered":"<p>Hipoalergen, dermatolo\u0161ki odobren omek\u0161iva\u010d rublja<br \/>\nMekana mirisna odje\u0107a koju je u\u017eitak nositi<br \/>\nUgodan i nje\u017ean miris<\/p>\n","protected":false},"featured_media":0,"template":"","meta":{"_seopress_robots_primary_cat":"","_seopress_titles_title":"","_seopress_titles_desc":"","_seopress_robots_index":"","iawp_total_views":0},"product_brand":[446],"product_cat":[283,238],"product_tag":[],"class_list":{"0":"post-41294","1":"product","2":"type-product","3":"status-publish","5":"product_brand-lenor","6":"product_cat-pranje-rublja-238","7":"product_cat-sve-za-dom","9":"first","10":"outofstock","11":"shipping-taxable","12":"purchasable","13":"product-type-simple"},"_links":{"self":[{"href":"https:\/\/singuli.wpress.me\/index.php\/wp-json\/wp\/v2\/product\/41294","targetHints":{"allow":["GET"]}}],"collection":[{"href":"https:\/\/singuli.wpress.me\/index.php\/wp-json\/wp\/v2\/product"}],"about":[{"href":"https:\/\/singuli.wpress.me\/index.php\/wp-json\/wp\/v2\/types\/product"}],"version-history":[{"count":0,"href":"https:\/\/singuli.wpress.me\/index.php\/wp-json\/wp\/v2\/product\/41294\/revisions"}],"wp:attachment":[{"href":"https:\/\/singuli.wpress.me\/index.php\/wp-json\/wp\/v2\/media?parent=41294"}],"wp:term":[{"taxonomy":"product_brand","embeddable":true,"href":"https:\/\/singuli.wpress.me\/index.php\/wp-json\/wp\/v2\/product_brand?post=41294"},{"taxonomy":"product_cat","embeddable":true,"href":"https:\/\/singuli.wpress.me\/index.php\/wp-json\/wp\/v2\/product_cat?post=41294"},{"taxonomy":"product_tag","embeddable":true,"href":"https:\/\/singuli.wpress.me\/index.php\/wp-json\/wp\/v2\/product_tag?post=41294"}],"curies":[{"name":"wp","href":"https:\/\/api.w.org\/{rel}","templated":true}]}}