{"id":41295,"date":"2026-04-19T15:20:51","date_gmt":"2026-04-19T15:20:51","guid":{"rendered":"https:\/\/singuli.wpress.me\/index.php\/proizvod\/always-platinum-ultra-super-plus-higijenski-ulosci-14-kom\/"},"modified":"2026-04-20T12:33:36","modified_gmt":"2026-04-20T12:33:36","slug":"always-platinum-ultra-super-plus-higijenski-ulosci-14-kom","status":"publish","type":"product","link":"https:\/\/singuli.wpress.me\/index.php\/proizvod\/always-platinum-ultra-super-plus-higijenski-ulosci-14-kom\/","title":{"rendered":"ALWAYS Platinum Ultra Super Plus, higijenski ulo\u0161ci, 14\u00a0kom"},"content":{"rendered":"<p>Higijenski ulo\u0161ci Always Platinum imaju sustav Zero Feel kako biste dan proveli bez brige. Zahvaljuju\u0107i svilenim krilcima, za\u0161titnim barijerama 3D LeakGuard, 1000 mekanih mikrojastu\u010di\u0107a, dizajnu Soft&amp;Fit i tehnologiji OdourLock ovi nevjerojatni higijenski ulo\u0161ci pru\u017eaju 5x ve\u0107u udobnost.Always Platinum Super (veli\u010dina 2) s krilcima preporu\u010duje se za dnevnu upotrebu ako imate umjereno obilnu mjese\u010dnicu.Isprobajte i Always Platinum Secure Night (veli\u010dina 4), najbolje higijenske ulo\u0161ke za za\u0161titu tijekom no\u0107i iz linije Always Platinum.<\/p>\n","protected":false},"excerpt":{"rendered":"<p>Mo\u0107na upijaju\u0107a jezgra i inovativna bo\u010dna za\u0161tita<br \/>\n1001 mekanih mikrojastu\u010di\u0107a i svilenkasta krilca<br \/>\nbr. 1 za za\u0161titu i udobnost me\u0111u Alwaysovim ulo\u0161cima<\/p>\n","protected":false},"featured_media":0,"template":"","meta":{"_seopress_robots_primary_cat":"","_seopress_titles_title":"","_seopress_titles_desc":"","_seopress_robots_index":"","iawp_total_views":0},"product_brand":[449],"product_cat":[211,288],"product_tag":[],"class_list":{"0":"post-41295","1":"product","2":"type-product","3":"status-publish","5":"product_brand-always","6":"product_cat-njega-majke-i-djeteta","7":"product_cat-zenska-higijena-211","9":"first","10":"instock","11":"shipping-taxable","12":"purchasable","13":"product-type-simple"},"_links":{"self":[{"href":"https:\/\/singuli.wpress.me\/index.php\/wp-json\/wp\/v2\/product\/41295","targetHints":{"allow":["GET"]}}],"collection":[{"href":"https:\/\/singuli.wpress.me\/index.php\/wp-json\/wp\/v2\/product"}],"about":[{"href":"https:\/\/singuli.wpress.me\/index.php\/wp-json\/wp\/v2\/types\/product"}],"version-history":[{"count":0,"href":"https:\/\/singuli.wpress.me\/index.php\/wp-json\/wp\/v2\/product\/41295\/revisions"}],"wp:attachment":[{"href":"https:\/\/singuli.wpress.me\/index.php\/wp-json\/wp\/v2\/media?parent=41295"}],"wp:term":[{"taxonomy":"product_brand","embeddable":true,"href":"https:\/\/singuli.wpress.me\/index.php\/wp-json\/wp\/v2\/product_brand?post=41295"},{"taxonomy":"product_cat","embeddable":true,"href":"https:\/\/singuli.wpress.me\/index.php\/wp-json\/wp\/v2\/product_cat?post=41295"},{"taxonomy":"product_tag","embeddable":true,"href":"https:\/\/singuli.wpress.me\/index.php\/wp-json\/wp\/v2\/product_tag?post=41295"}],"curies":[{"name":"wp","href":"https:\/\/api.w.org\/{rel}","templated":true}]}}