{"id":41297,"date":"2026-04-19T15:20:52","date_gmt":"2026-04-19T15:20:52","guid":{"rendered":"https:\/\/singuli.wpress.me\/index.php\/proizvod\/bee-smart-vrece-za-smece-60-l\/"},"modified":"2026-04-20T12:33:36","modified_gmt":"2026-04-20T12:33:36","slug":"bee-smart-vrece-za-smece-60-l","status":"publish","type":"product","link":"https:\/\/singuli.wpress.me\/index.php\/proizvod\/bee-smart-vrece-za-smece-60-l\/","title":{"rendered":"BEE SMART, vre\u0107e za sme\u0107e, 60\u00a0l"},"content":{"rendered":"<p>Vre\u0107e za sme\u0107e s vezicom veli\u010dine 60 litara<\/p>\n","protected":false},"excerpt":{"rendered":"<p>Volumen 60l<br \/>\nS vezicom<br \/>\nDobra kvaliteta<\/p>\n","protected":false},"featured_media":0,"template":"","meta":{"_seopress_robots_primary_cat":"","_seopress_titles_title":"","_seopress_titles_desc":"","_seopress_robots_index":"","iawp_total_views":0},"product_brand":[862],"product_cat":[274,238],"product_tag":[],"class_list":{"0":"post-41297","1":"product","2":"type-product","3":"status-publish","5":"product_brand-bee-smart","6":"product_cat-kucanski-pribor-238","7":"product_cat-sve-za-dom","9":"first","10":"instock","11":"shipping-taxable","12":"purchasable","13":"product-type-simple"},"_links":{"self":[{"href":"https:\/\/singuli.wpress.me\/index.php\/wp-json\/wp\/v2\/product\/41297","targetHints":{"allow":["GET"]}}],"collection":[{"href":"https:\/\/singuli.wpress.me\/index.php\/wp-json\/wp\/v2\/product"}],"about":[{"href":"https:\/\/singuli.wpress.me\/index.php\/wp-json\/wp\/v2\/types\/product"}],"version-history":[{"count":0,"href":"https:\/\/singuli.wpress.me\/index.php\/wp-json\/wp\/v2\/product\/41297\/revisions"}],"wp:attachment":[{"href":"https:\/\/singuli.wpress.me\/index.php\/wp-json\/wp\/v2\/media?parent=41297"}],"wp:term":[{"taxonomy":"product_brand","embeddable":true,"href":"https:\/\/singuli.wpress.me\/index.php\/wp-json\/wp\/v2\/product_brand?post=41297"},{"taxonomy":"product_cat","embeddable":true,"href":"https:\/\/singuli.wpress.me\/index.php\/wp-json\/wp\/v2\/product_cat?post=41297"},{"taxonomy":"product_tag","embeddable":true,"href":"https:\/\/singuli.wpress.me\/index.php\/wp-json\/wp\/v2\/product_tag?post=41297"}],"curies":[{"name":"wp","href":"https:\/\/api.w.org\/{rel}","templated":true}]}}