{"id":41301,"date":"2026-04-19T15:20:52","date_gmt":"2026-04-19T15:20:52","guid":{"rendered":"https:\/\/singuli.wpress.me\/index.php\/proizvod\/domo-do7346m-mica-grijac-elektricna\/"},"modified":"2026-04-20T12:33:36","modified_gmt":"2026-04-20T12:33:36","slug":"domo-do7346m-mica-grijac-elektricna","status":"publish","type":"product","link":"https:\/\/singuli.wpress.me\/index.php\/proizvod\/domo-do7346m-mica-grijac-elektricna\/","title":{"rendered":"DOMO DO7346M Mica, grija\u010d, elektri\u010dna"},"content":{"rendered":"<p>Domo MICA elektri\u010dna grijalica je sna\u017ena, \u0161tedi energiju i ima odli\u010dan dizajn. Tehnologija elektri\u010dnih grija\u010da MICA pru\u017ea ugodnu toplinu koja dolazi s toplinskim valovima sli\u010dnim sun\u010devim. Grija\u010d od 1500 W omogu\u0107uje brzo zagrijavanje u kratkom vremenu, a dvije razine topline bez problema reguliraju dovod topline. <\/p>\n<p>Osim IP24, sigurnost elektri\u010dne grijalice osigurava i za\u0161tita od smrzavanja te za\u0161tita od pregrijavanja koja gasi ure\u0111aj \u010dim se pokrije. Postavka protiv smrzavanja automatski uklju\u010duje elektri\u010dni grija\u010d kada temperatura padne ispod 5\u00b0C. Ima integriranu ru\u010dku za lak\u0161i transport.<\/p>\n","protected":false},"excerpt":{"rendered":"<p>Idealno za kori\u0161tenje u\u00a0kupaonici<br \/>\nMo\u017ee se koristiti kao samostoje\u0107a ili zidna grijalica<br \/>\nZa\u0161tita od pregrijavanja, za\u0161tita od prevrtanja<\/p>\n","protected":false},"featured_media":0,"template":"","meta":{"_seopress_robots_primary_cat":"","_seopress_titles_title":"","_seopress_titles_desc":"","_seopress_robots_index":"","iawp_total_views":0},"product_brand":[255],"product_cat":[184,160],"product_tag":[],"class_list":{"0":"post-41301","1":"product","2":"type-product","3":"status-publish","5":"product_brand-domo","6":"product_cat-kvaliteta-zraka-i-grijanje","7":"product_cat-mali-kucanski-aparati","9":"first","10":"instock","11":"shipping-taxable","12":"purchasable","13":"product-type-simple"},"_links":{"self":[{"href":"https:\/\/singuli.wpress.me\/index.php\/wp-json\/wp\/v2\/product\/41301","targetHints":{"allow":["GET"]}}],"collection":[{"href":"https:\/\/singuli.wpress.me\/index.php\/wp-json\/wp\/v2\/product"}],"about":[{"href":"https:\/\/singuli.wpress.me\/index.php\/wp-json\/wp\/v2\/types\/product"}],"version-history":[{"count":0,"href":"https:\/\/singuli.wpress.me\/index.php\/wp-json\/wp\/v2\/product\/41301\/revisions"}],"wp:attachment":[{"href":"https:\/\/singuli.wpress.me\/index.php\/wp-json\/wp\/v2\/media?parent=41301"}],"wp:term":[{"taxonomy":"product_brand","embeddable":true,"href":"https:\/\/singuli.wpress.me\/index.php\/wp-json\/wp\/v2\/product_brand?post=41301"},{"taxonomy":"product_cat","embeddable":true,"href":"https:\/\/singuli.wpress.me\/index.php\/wp-json\/wp\/v2\/product_cat?post=41301"},{"taxonomy":"product_tag","embeddable":true,"href":"https:\/\/singuli.wpress.me\/index.php\/wp-json\/wp\/v2\/product_tag?post=41301"}],"curies":[{"name":"wp","href":"https:\/\/api.w.org\/{rel}","templated":true}]}}