{"id":41302,"date":"2026-04-19T15:20:53","date_gmt":"2026-04-19T15:20:53","guid":{"rendered":"https:\/\/singuli.wpress.me\/index.php\/proizvod\/blend-a-dent-professional-krema-za-ucvrscivanje-zubnih-proteza-40-ml\/"},"modified":"2026-04-20T12:33:36","modified_gmt":"2026-04-20T12:33:36","slug":"blend-a-dent-professional-krema-za-ucvrscivanje-zubnih-proteza-40-ml","status":"publish","type":"product","link":"https:\/\/singuli.wpress.me\/index.php\/proizvod\/blend-a-dent-professional-krema-za-ucvrscivanje-zubnih-proteza-40-ml\/","title":{"rendered":"BLEND-A-DENT Professional, krema za u\u010dvr\u0161\u0107ivanje zubnih proteza, 40\u00a0ml"},"content":{"rendered":"<p>Blend-a-dent Professional najsna\u017enija je krema za u\u010dvr\u0161\u0107ivanje zubnih proteza iz linije Blend-a-dent. <\/p>\n<p>Smanjuje pomicanje zubne proteze i njeno trljanje o desni te stvara bolju barijeru izme\u0111u zubne proteze i desni, u odnosu na Blend-a-dent Original. <\/p>\n<p>Poma\u017ee sprije\u010diti rast bakterija povezanih s neugodnim zadahom, a ima i supertanki aplikator koji omogu\u0107uje jednostavno i precizno nano\u0161enje.<\/p>\n","protected":false},"excerpt":{"rendered":"<p>Najja\u010da fiksiraju\u0107a krema iz blend-a-dent asortimana<br \/>\nS blagim okusom mente<br \/>\nJednostavno i precizno doziranje<\/p>\n","protected":false},"featured_media":0,"template":"","meta":{"_seopress_robots_primary_cat":"","_seopress_titles_title":"","_seopress_titles_desc":"","_seopress_robots_index":"","iawp_total_views":0},"product_brand":[763],"product_cat":[268,309],"product_tag":[],"class_list":{"0":"post-41302","1":"product","2":"type-product","3":"status-publish","5":"product_brand-blend-a-dent","6":"product_cat-kozmetika-2","7":"product_cat-oralna-higijena-268","9":"first","10":"outofstock","11":"shipping-taxable","12":"purchasable","13":"product-type-simple"},"_links":{"self":[{"href":"https:\/\/singuli.wpress.me\/index.php\/wp-json\/wp\/v2\/product\/41302","targetHints":{"allow":["GET"]}}],"collection":[{"href":"https:\/\/singuli.wpress.me\/index.php\/wp-json\/wp\/v2\/product"}],"about":[{"href":"https:\/\/singuli.wpress.me\/index.php\/wp-json\/wp\/v2\/types\/product"}],"version-history":[{"count":0,"href":"https:\/\/singuli.wpress.me\/index.php\/wp-json\/wp\/v2\/product\/41302\/revisions"}],"wp:attachment":[{"href":"https:\/\/singuli.wpress.me\/index.php\/wp-json\/wp\/v2\/media?parent=41302"}],"wp:term":[{"taxonomy":"product_brand","embeddable":true,"href":"https:\/\/singuli.wpress.me\/index.php\/wp-json\/wp\/v2\/product_brand?post=41302"},{"taxonomy":"product_cat","embeddable":true,"href":"https:\/\/singuli.wpress.me\/index.php\/wp-json\/wp\/v2\/product_cat?post=41302"},{"taxonomy":"product_tag","embeddable":true,"href":"https:\/\/singuli.wpress.me\/index.php\/wp-json\/wp\/v2\/product_tag?post=41302"}],"curies":[{"name":"wp","href":"https:\/\/api.w.org\/{rel}","templated":true}]}}