{"id":41306,"date":"2026-04-19T15:20:54","date_gmt":"2026-04-19T15:20:54","guid":{"rendered":"https:\/\/singuli.wpress.me\/index.php\/proizvod\/raid-punjenje-za-elektricni-aparat-miris-ruze-i-sandalovine-60n-36-ml-2\/"},"modified":"2026-04-20T12:33:36","modified_gmt":"2026-04-20T12:33:36","slug":"raid-punjenje-za-elektricni-aparat-miris-ruze-i-sandalovine-60n-36-ml-2","status":"publish","type":"product","link":"https:\/\/singuli.wpress.me\/index.php\/proizvod\/raid-punjenje-za-elektricni-aparat-miris-ruze-i-sandalovine-60n-36-ml-2\/","title":{"rendered":"RAID, punjenje za elektri\u010dni aparat, miris ru\u017ee i sandalovine, 60N, 36\u00a0ml"},"content":{"rendered":"<p>Raid\u00ae Family teku\u0107ina za elektri\u010dni aparati\u0107 osigurava za\u0161titu s mirisom ru\u017ee i sandalovine, kojoj mo\u017eete vjerovati, za dobar san no\u0107u, od tigrastih i obi\u010dnih komaraca.<\/p>\n<p>\u0160titi prostore do 20m3 te pru\u017ea za\u0161titu vama i va\u0161oj obitelji pri otvorenim prozorima i upaljenom svjetlu.<\/p>\n<p>Daje kontinuiranu i diskretnu za\u0161titu tijekom 60 no\u0107i (*8 sati po no\u0107i).<\/p>\n<p>Razina teku\u0107ine lako je uo\u010dljiva: kada nema teku\u0107ine umetnite novo punjenje za dodatnih 60 no\u0107i za\u0161tite.<\/p>\n<p>Upute za uporabu:<br \/>\n1. Pritisnite i okrenite \u010dep kako biste ga uklonili. Zavrnite bo\u010dicu u za to predvi\u0111en utor, dok nije pri\u010dvr\u0161\u0107ena ili za Raid\u00ae Advanced elektri\u010dni aparati\u0107, \u010dvrsto umetnite bo\u010dicu dok ne<br \/>\n\u010dujete &#8221;klik&#8221;.<br \/>\n2. Okrenite utika\u010d dok bo\u010dica ne bude u uspravnom polo\u017eaju. Postavite utika\u010d u uti\u010dnicu kako bi u\u010dinkovitost protiv komaraca zapo\u010dela; svjetlosni indikator ozna\u010dava da je proizvod u funkciji.<br \/>\n3. Ukoliko \u017eelite prekinuti rad proizvoda, izvadite aparati\u0107 iz uti\u010dnice ili za Raid\u00ae Advanced<br \/>\nelektri\u010dni aparati\u0107 priti\u0161\u0107ite tipku za pode\u0161avanje intenziteta<br \/>\ndok se ne isklju\u010di svjetlosni indikator.<br \/>\n4. Dr\u017eite punjenje u uspravnom polo\u017eaju kada je proizvod uklju\u010den. Nakon \u0161to se bo\u010dica isprazni zamijenite punjenje. Za optimalnu u\u010dinkovitost, aktivirajte aparati\u0107 30 minuta unaprijed. Odgovara svim Raid\u00ae elektri\u010dnim aparati\u0107ima s teku\u0107inom. \u0160titi prostorije do 20m3.<\/p>\n","protected":false},"excerpt":{"rendered":"<p>Pogodno za kori\u0161tenje u prostorijama s djecom starijom od 6 mjeseci<br \/>\n2u1, brza i kontinuirana za\u0161tita<br \/>\nZa\u0161tita tijekom 60 no\u0107i<\/p>\n","protected":false},"featured_media":0,"template":"","meta":{"_seopress_robots_primary_cat":"","_seopress_titles_title":"","_seopress_titles_desc":"","_seopress_robots_index":"","iawp_total_views":0},"product_brand":[457],"product_cat":[192,267],"product_tag":[],"class_list":{"0":"post-41306","1":"product","2":"type-product","3":"status-publish","5":"product_brand-raid","6":"product_cat-aparati-za-osobnu-njegu","7":"product_cat-zdravstveni-uredaji-192","9":"first","10":"outofstock","11":"shipping-taxable","12":"purchasable","13":"product-type-simple"},"_links":{"self":[{"href":"https:\/\/singuli.wpress.me\/index.php\/wp-json\/wp\/v2\/product\/41306","targetHints":{"allow":["GET"]}}],"collection":[{"href":"https:\/\/singuli.wpress.me\/index.php\/wp-json\/wp\/v2\/product"}],"about":[{"href":"https:\/\/singuli.wpress.me\/index.php\/wp-json\/wp\/v2\/types\/product"}],"version-history":[{"count":0,"href":"https:\/\/singuli.wpress.me\/index.php\/wp-json\/wp\/v2\/product\/41306\/revisions"}],"wp:attachment":[{"href":"https:\/\/singuli.wpress.me\/index.php\/wp-json\/wp\/v2\/media?parent=41306"}],"wp:term":[{"taxonomy":"product_brand","embeddable":true,"href":"https:\/\/singuli.wpress.me\/index.php\/wp-json\/wp\/v2\/product_brand?post=41306"},{"taxonomy":"product_cat","embeddable":true,"href":"https:\/\/singuli.wpress.me\/index.php\/wp-json\/wp\/v2\/product_cat?post=41306"},{"taxonomy":"product_tag","embeddable":true,"href":"https:\/\/singuli.wpress.me\/index.php\/wp-json\/wp\/v2\/product_tag?post=41306"}],"curies":[{"name":"wp","href":"https:\/\/api.w.org\/{rel}","templated":true}]}}