{"id":41311,"date":"2026-04-19T15:20:56","date_gmt":"2026-04-19T15:20:56","guid":{"rendered":"https:\/\/singuli.wpress.me\/index.php\/proizvod\/old-spice-astronaut-gel-za-tusiranje-i-sampon-400-ml\/"},"modified":"2026-04-20T12:33:36","modified_gmt":"2026-04-20T12:33:36","slug":"old-spice-astronaut-gel-za-tusiranje-i-sampon-400-ml","status":"publish","type":"product","link":"https:\/\/singuli.wpress.me\/index.php\/proizvod\/old-spice-astronaut-gel-za-tusiranje-i-sampon-400-ml\/","title":{"rendered":"OLD SPICE Astronaut, gel za tu\u0161iranje i \u0161ampon, 400\u00a0ml"},"content":{"rendered":"<p>Miri\u0161i svemirski i odleti u nepoznato uz dugotrajnu svje\u017einu gela za tu\u0161iranje Old Spice Astronaut. Miris Astronaut, kreiran za mu\u0161karce, \u010dist je miris s profinjenim vodenim notama, zaokru\u017een citrusnim notama na bogatoj bazi drvenih i mo\u0161usnih tonova. \u0160ampon i gel za tu\u0161iranje za mu\u0161karce 3u1, prikladan za kosu, tijelo i lice, \u010disti prljav\u0161tinu i znoj za dugotrajnu svje\u017einu. Sve je pakirano u bo\u010dicu koja se mo\u017ee reciklirati, izra\u0111enu od 25% reciklirane plastike.<\/p>\n","protected":false},"excerpt":{"rendered":"<p>3u1: prikladan za kosu, tijelo i lice<br \/>\nDugotrajna svje\u017eina<br \/>\nZaokru\u017een citrusnim notama na bogatoj bazi drvenih i mo\u0161usnih tonova<\/p>\n","protected":false},"featured_media":0,"template":"","meta":{"_seopress_robots_primary_cat":"","_seopress_titles_title":"","_seopress_titles_desc":"","_seopress_robots_index":"","iawp_total_views":0},"product_brand":[448],"product_cat":[268,278],"product_tag":[],"class_list":{"0":"post-41311","1":"product","2":"type-product","3":"status-publish","5":"product_brand-old-spice","6":"product_cat-kozmetika-2","7":"product_cat-njega-tijela-268","9":"first","10":"outofstock","11":"shipping-taxable","12":"purchasable","13":"product-type-simple"},"_links":{"self":[{"href":"https:\/\/singuli.wpress.me\/index.php\/wp-json\/wp\/v2\/product\/41311","targetHints":{"allow":["GET"]}}],"collection":[{"href":"https:\/\/singuli.wpress.me\/index.php\/wp-json\/wp\/v2\/product"}],"about":[{"href":"https:\/\/singuli.wpress.me\/index.php\/wp-json\/wp\/v2\/types\/product"}],"version-history":[{"count":0,"href":"https:\/\/singuli.wpress.me\/index.php\/wp-json\/wp\/v2\/product\/41311\/revisions"}],"wp:attachment":[{"href":"https:\/\/singuli.wpress.me\/index.php\/wp-json\/wp\/v2\/media?parent=41311"}],"wp:term":[{"taxonomy":"product_brand","embeddable":true,"href":"https:\/\/singuli.wpress.me\/index.php\/wp-json\/wp\/v2\/product_brand?post=41311"},{"taxonomy":"product_cat","embeddable":true,"href":"https:\/\/singuli.wpress.me\/index.php\/wp-json\/wp\/v2\/product_cat?post=41311"},{"taxonomy":"product_tag","embeddable":true,"href":"https:\/\/singuli.wpress.me\/index.php\/wp-json\/wp\/v2\/product_tag?post=41311"}],"curies":[{"name":"wp","href":"https:\/\/api.w.org\/{rel}","templated":true}]}}