{"id":41312,"date":"2026-04-19T15:20:56","date_gmt":"2026-04-19T15:20:56","guid":{"rendered":"https:\/\/singuli.wpress.me\/index.php\/proizvod\/rimula-r7-ax-5w30-motorno-ulje-za-gospodarska-vozila-20-l\/"},"modified":"2026-04-20T12:33:36","modified_gmt":"2026-04-20T12:33:36","slug":"rimula-r7-ax-5w30-motorno-ulje-za-gospodarska-vozila-20-l","status":"publish","type":"product","link":"https:\/\/singuli.wpress.me\/index.php\/proizvod\/rimula-r7-ax-5w30-motorno-ulje-za-gospodarska-vozila-20-l\/","title":{"rendered":"RIMULA R7 AX 5W30, motorno ulje za gospodarska vozila, 20\u00a0l"},"content":{"rendered":"<p>Potpuno sinteti\u010dko ulje za te\u0161ke dizel motore s niskim HTHSV-om. <\/p>\n<p>Sadr\u017ei &quot;Low SAPS&quot;, u\u010dinkovitu tehnologiju aditiva visokih performansi koja je dizajnirana za smanjenje potro\u0161nje goriva i ni\u017eih emisija. <\/p>\n<p>Za\u0161tita je pobolj\u0161ana sinteti\u010dkom tehnologijom koja zna\u010dajno smanjuje trenje motora i omogu\u0107uje produ\u017eene intervale odr\u017eavanja. <\/p>\n<p>Prikladno za najnovije tehnologije motora.<\/p>\n","protected":false},"excerpt":{"rendered":"<p>Smanjena potro\u0161nja goriva<br \/>\nSmanjuje trenje motora<br \/>\nSpecifikacija: API FA-4, SN, Cummins CES 20087, Detroit Fluids Specification 93K223, Mack EOS-5, MB odobrenje 228.61, Renault VI RLD-5, Volvo VDS-5.<\/p>\n","protected":false},"featured_media":0,"template":"","meta":{"_seopress_robots_primary_cat":"","_seopress_titles_title":"","_seopress_titles_desc":"","_seopress_robots_index":"","iawp_total_views":0},"product_brand":[469],"product_cat":[243,276,272],"product_tag":[],"class_list":{"0":"post-41312","1":"product","2":"type-product","3":"status-publish","5":"product_brand-rimula","6":"product_cat-automobili-i-motori","7":"product_cat-industrijska-i-specijalna-ulja-243","8":"product_cat-motorna-ulja-243","10":"first","11":"instock","12":"shipping-taxable","13":"purchasable","14":"product-type-simple"},"_links":{"self":[{"href":"https:\/\/singuli.wpress.me\/index.php\/wp-json\/wp\/v2\/product\/41312","targetHints":{"allow":["GET"]}}],"collection":[{"href":"https:\/\/singuli.wpress.me\/index.php\/wp-json\/wp\/v2\/product"}],"about":[{"href":"https:\/\/singuli.wpress.me\/index.php\/wp-json\/wp\/v2\/types\/product"}],"version-history":[{"count":0,"href":"https:\/\/singuli.wpress.me\/index.php\/wp-json\/wp\/v2\/product\/41312\/revisions"}],"wp:attachment":[{"href":"https:\/\/singuli.wpress.me\/index.php\/wp-json\/wp\/v2\/media?parent=41312"}],"wp:term":[{"taxonomy":"product_brand","embeddable":true,"href":"https:\/\/singuli.wpress.me\/index.php\/wp-json\/wp\/v2\/product_brand?post=41312"},{"taxonomy":"product_cat","embeddable":true,"href":"https:\/\/singuli.wpress.me\/index.php\/wp-json\/wp\/v2\/product_cat?post=41312"},{"taxonomy":"product_tag","embeddable":true,"href":"https:\/\/singuli.wpress.me\/index.php\/wp-json\/wp\/v2\/product_tag?post=41312"}],"curies":[{"name":"wp","href":"https:\/\/api.w.org\/{rel}","templated":true}]}}