{"id":41317,"date":"2026-04-19T15:20:58","date_gmt":"2026-04-19T15:20:58","guid":{"rendered":"https:\/\/singuli.wpress.me\/index.php\/proizvod\/shell-sinteticka-spuzva-za-pranje-automobila\/"},"modified":"2026-04-21T00:27:08","modified_gmt":"2026-04-21T00:27:08","slug":"shell-sinteticka-spuzva-za-pranje-automobila","status":"publish","type":"product","link":"https:\/\/singuli.wpress.me\/index.php\/proizvod\/shell-sinteticka-spuzva-za-pranje-automobila\/","title":{"rendered":"SHELL, sinteti\u010dka spu\u017eva za pranje automobila"},"content":{"rendered":"<p>Shell Synthetic Chamois iznimno u\u010dinkovita spu\u017eva koja zahvaljuju\u0107i jedinstvenoj strukturi mo\u017ee apsorbirati vodu u koli\u010dini vi\u0161estruko ve\u0107oj od vlastite te\u017eine, \u0161to osigurava najbolje rezultate. Pogodno za su\u0161enje povr\u0161ina nakon \u010di\u0161\u0107enja: karoserija i prozori automobila, plovila, prozori, ogledala i sve vrste stakla.  Ne ostavlja dla\u010dice i tragove.<\/p>\n","protected":false},"excerpt":{"rendered":"<p>Spu\u017eva za su\u0161enje povr\u0161ina nakon \u010di\u0161\u0107enja<br \/>\nU\u010dinkovita spu\u017eva koja zahvaljuju\u0107i jedinstvenoj strukturi mo\u017ee apsorbirati vodu u koli\u010dini vi\u0161estruko ve\u0107oj od vlastite te\u017eine<br \/>\nNe ostavlja dla\u010dice i tragove<\/p>\n","protected":false},"featured_media":0,"template":"","meta":{"_seopress_robots_primary_cat":"","_seopress_titles_title":"","_seopress_titles_desc":"","_seopress_robots_index":"","iawp_total_views":0},"product_brand":[326],"product_cat":[243,273],"product_tag":[],"class_list":{"0":"post-41317","1":"product","2":"type-product","3":"status-publish","5":"product_brand-shell","6":"product_cat-automobili-i-motori","7":"product_cat-njega-vozila-243","9":"first","10":"instock","11":"shipping-taxable","12":"purchasable","13":"product-type-simple"},"_links":{"self":[{"href":"https:\/\/singuli.wpress.me\/index.php\/wp-json\/wp\/v2\/product\/41317","targetHints":{"allow":["GET"]}}],"collection":[{"href":"https:\/\/singuli.wpress.me\/index.php\/wp-json\/wp\/v2\/product"}],"about":[{"href":"https:\/\/singuli.wpress.me\/index.php\/wp-json\/wp\/v2\/types\/product"}],"version-history":[{"count":0,"href":"https:\/\/singuli.wpress.me\/index.php\/wp-json\/wp\/v2\/product\/41317\/revisions"}],"wp:attachment":[{"href":"https:\/\/singuli.wpress.me\/index.php\/wp-json\/wp\/v2\/media?parent=41317"}],"wp:term":[{"taxonomy":"product_brand","embeddable":true,"href":"https:\/\/singuli.wpress.me\/index.php\/wp-json\/wp\/v2\/product_brand?post=41317"},{"taxonomy":"product_cat","embeddable":true,"href":"https:\/\/singuli.wpress.me\/index.php\/wp-json\/wp\/v2\/product_cat?post=41317"},{"taxonomy":"product_tag","embeddable":true,"href":"https:\/\/singuli.wpress.me\/index.php\/wp-json\/wp\/v2\/product_tag?post=41317"}],"curies":[{"name":"wp","href":"https:\/\/api.w.org\/{rel}","templated":true}]}}