{"id":41319,"date":"2026-04-19T15:20:59","date_gmt":"2026-04-19T15:20:59","guid":{"rendered":"https:\/\/singuli.wpress.me\/index.php\/proizvod\/jacobs-crema-gold-kava-u-zrnu-500-g-2\/"},"modified":"2026-04-20T12:33:36","modified_gmt":"2026-04-20T12:33:36","slug":"jacobs-crema-gold-kava-u-zrnu-500-g-2","status":"publish","type":"product","link":"https:\/\/singuli.wpress.me\/index.php\/proizvod\/jacobs-crema-gold-kava-u-zrnu-500-g-2\/","title":{"rendered":"JACOBS Crema Gold, kava u zrnu, 500\u00a0g"},"content":{"rendered":"<p><span style=\"font-weight: bold\">JACOBS Crema Gold<\/span> je optimalna mje\u0161avina zlatno-sme\u0111e pr\u017eenih zrna kave, pa\u017eljivo odabranih od strane majstora pr\u017eionice. To je rezultiralo skladnom, uravnote\u017eenom mje\u0161avinom s punim iskustvom okusa i bogatom aromom. S glatko\u0107om u svakom gutljaju, ova cijela zrna savr\u0161ena su za kuhanje crne kave uz dodatak mlijeka po \u017eelji <\/p>\n<p>JACOBS Crema prikladna je za pripremu u potpuno automatskom aparatu za kavu, portafilteru, moka loncu ili francuskoj pre\u0161i.<\/p>\n","protected":false},"excerpt":{"rendered":"<p>Optimalna mje\u0161avina zlatno-sme\u0111e pr\u017eenih zrna kave<br \/>\nUravnote\u017eena mje\u0161avina s punim iskustvom okusa i bogatom aromom<br \/>\nCijela zrna savr\u0161ena su za kuhanje crne kave uz dodatak mlijeka po \u017eelji<\/p>\n","protected":false},"featured_media":0,"template":"","meta":{"_seopress_robots_primary_cat":"","_seopress_titles_title":"","_seopress_titles_desc":"","_seopress_robots_index":"","iawp_total_views":0},"product_brand":[419],"product_cat":[261,275],"product_tag":[],"class_list":{"0":"post-41319","1":"product","2":"type-product","3":"status-publish","5":"product_brand-jacobs","6":"product_cat-hrana-i-pice","7":"product_cat-kava-i-cajevi-261","9":"first","10":"outofstock","11":"shipping-taxable","12":"purchasable","13":"product-type-simple"},"_links":{"self":[{"href":"https:\/\/singuli.wpress.me\/index.php\/wp-json\/wp\/v2\/product\/41319","targetHints":{"allow":["GET"]}}],"collection":[{"href":"https:\/\/singuli.wpress.me\/index.php\/wp-json\/wp\/v2\/product"}],"about":[{"href":"https:\/\/singuli.wpress.me\/index.php\/wp-json\/wp\/v2\/types\/product"}],"version-history":[{"count":0,"href":"https:\/\/singuli.wpress.me\/index.php\/wp-json\/wp\/v2\/product\/41319\/revisions"}],"wp:attachment":[{"href":"https:\/\/singuli.wpress.me\/index.php\/wp-json\/wp\/v2\/media?parent=41319"}],"wp:term":[{"taxonomy":"product_brand","embeddable":true,"href":"https:\/\/singuli.wpress.me\/index.php\/wp-json\/wp\/v2\/product_brand?post=41319"},{"taxonomy":"product_cat","embeddable":true,"href":"https:\/\/singuli.wpress.me\/index.php\/wp-json\/wp\/v2\/product_cat?post=41319"},{"taxonomy":"product_tag","embeddable":true,"href":"https:\/\/singuli.wpress.me\/index.php\/wp-json\/wp\/v2\/product_tag?post=41319"}],"curies":[{"name":"wp","href":"https:\/\/api.w.org\/{rel}","templated":true}]}}