{"id":41320,"date":"2026-04-19T15:20:59","date_gmt":"2026-04-19T15:20:59","guid":{"rendered":"https:\/\/singuli.wpress.me\/index.php\/proizvod\/omala-s2-gx-320-industrijsko-reduktorsko-ulje-209-l\/"},"modified":"2026-04-20T12:33:36","modified_gmt":"2026-04-20T12:33:36","slug":"omala-s2-gx-320-industrijsko-reduktorsko-ulje-209-l","status":"publish","type":"product","link":"https:\/\/singuli.wpress.me\/index.php\/proizvod\/omala-s2-gx-320-industrijsko-reduktorsko-ulje-209-l\/","title":{"rendered":"OMALA S2 GX 320, industrijsko reduktorsko ulje, 209\u00a0l"},"content":{"rendered":"<p>Visokokvalitetna ulja s EP aditivima prvenstveno namijenjena za podmazivanje te\u0161ko optere\u0107enih industrijskih zup\u010danika, pru\u017eaju vrhunske performanse pri radu pod te\u0161kim optere\u0107enjima, sprje\u010davaju\u0107i mikropiting i kompatibilni su s brtvama i bojama te osiguravaju odli\u010dnu u\u010dinkovitost u zatvorenim industrijskim reduktorima. Zahvaljuju\u0107i oksidacijskoj stabilnosti i otpornosti na toplotni stres smanjuju se ukupni tro\u0161kovi. U\u010dinkovitost sustava odr\u017eava se optimiziranim u\u010dinkom odvajanja vode, kontrolom korozije i pjene.<\/p>\n<p><span style=\"font-weight: bold\">Specificikacija:<\/span> ISO 12925-1 Tip CKD (ISO 320), ISO 12925-1 Tip CKC (ISO 320), DIN 51517-Part 3 CLP (ISO 320), AGMA EP 9005-F16 (ISO 320), AIST (US Steel) 224 (ISO 320), Fives Cincinnati P-59 (ISO 320).<\/p>\n","protected":false},"excerpt":{"rendered":"<p>Ulje namijenjeno za podmazivanje te\u0161ko optere\u0107enih industrijskih zup\u010danika<br \/>\nMaksimalno smanjuje sklonost pjenjenju<br \/>\nKompatibilno s brtvama i adhezivnim premazima<\/p>\n","protected":false},"featured_media":0,"template":"","meta":{"_seopress_robots_primary_cat":"","_seopress_titles_title":"","_seopress_titles_desc":"","_seopress_robots_index":"","iawp_total_views":0},"product_brand":[431],"product_cat":[243,276],"product_tag":[],"class_list":{"0":"post-41320","1":"product","2":"type-product","3":"status-publish","5":"product_brand-omala","6":"product_cat-automobili-i-motori","7":"product_cat-industrijska-i-specijalna-ulja-243","9":"first","10":"instock","11":"shipping-taxable","12":"purchasable","13":"product-type-simple"},"_links":{"self":[{"href":"https:\/\/singuli.wpress.me\/index.php\/wp-json\/wp\/v2\/product\/41320","targetHints":{"allow":["GET"]}}],"collection":[{"href":"https:\/\/singuli.wpress.me\/index.php\/wp-json\/wp\/v2\/product"}],"about":[{"href":"https:\/\/singuli.wpress.me\/index.php\/wp-json\/wp\/v2\/types\/product"}],"version-history":[{"count":0,"href":"https:\/\/singuli.wpress.me\/index.php\/wp-json\/wp\/v2\/product\/41320\/revisions"}],"wp:attachment":[{"href":"https:\/\/singuli.wpress.me\/index.php\/wp-json\/wp\/v2\/media?parent=41320"}],"wp:term":[{"taxonomy":"product_brand","embeddable":true,"href":"https:\/\/singuli.wpress.me\/index.php\/wp-json\/wp\/v2\/product_brand?post=41320"},{"taxonomy":"product_cat","embeddable":true,"href":"https:\/\/singuli.wpress.me\/index.php\/wp-json\/wp\/v2\/product_cat?post=41320"},{"taxonomy":"product_tag","embeddable":true,"href":"https:\/\/singuli.wpress.me\/index.php\/wp-json\/wp\/v2\/product_tag?post=41320"}],"curies":[{"name":"wp","href":"https:\/\/api.w.org\/{rel}","templated":true}]}}