{"id":41324,"date":"2026-04-19T15:21:00","date_gmt":"2026-04-19T15:21:00","guid":{"rendered":"https:\/\/singuli.wpress.me\/index.php\/proizvod\/morlina-s2-bl-22-ulje-za-lezajeve-i-cirkulacijsko-ulje-209-l\/"},"modified":"2026-04-20T12:33:36","modified_gmt":"2026-04-20T12:33:36","slug":"morlina-s2-bl-22-ulje-za-lezajeve-i-cirkulacijsko-ulje-209-l","status":"publish","type":"product","link":"https:\/\/singuli.wpress.me\/index.php\/proizvod\/morlina-s2-bl-22-ulje-za-lezajeve-i-cirkulacijsko-ulje-209-l\/","title":{"rendered":"MORLINA S2 BL 22, ulje za le\u017eajeve i cirkulacijsko ulje, 209\u00a0l"},"content":{"rendered":"<p>Cirkulacijsko ulje Shell Morlina S2 BL su proizvedena solventnom rafinacijom, ulja niskog viskoziteta i aditivirana bezpepelnim aditivima kako bi pru\u017eila bolje performanse u vretenima velikog broja okretaja kakva se nalaze u strojevima za obradu metala. Formulirani su s dokazanim paketom inhibitora hr\u0111e i oksidacije koji pru\u017ea visoku otpornost na oksidaciju, osobito u vru\u0107im i vla\u017enim okru\u017eenjima. Tako\u0111er su vrlo otporni na razgradnju od metalnih katalizatora, kao \u0161to je bakar.<\/p>\n<p><span style=\"font-weight: bold\">Specifikacija:<\/span> Five Group Cincinnati P-45 (lagana ulja vretena).<\/p>\n","protected":false},"excerpt":{"rendered":"<p>Ulje za le\u017eajeve i cirkulacijsko ulje<br \/>\nBez cinka<br \/>\nOtporni na razgradnju od metalnih katalizatora<\/p>\n","protected":false},"featured_media":0,"template":"","meta":{"_seopress_robots_primary_cat":"","_seopress_titles_title":"","_seopress_titles_desc":"","_seopress_robots_index":"","iawp_total_views":0},"product_brand":[755],"product_cat":[243,276],"product_tag":[],"class_list":{"0":"post-41324","1":"product","2":"type-product","3":"status-publish","5":"product_brand-morlina","6":"product_cat-automobili-i-motori","7":"product_cat-industrijska-i-specijalna-ulja-243","9":"first","10":"outofstock","11":"shipping-taxable","12":"purchasable","13":"product-type-simple"},"_links":{"self":[{"href":"https:\/\/singuli.wpress.me\/index.php\/wp-json\/wp\/v2\/product\/41324","targetHints":{"allow":["GET"]}}],"collection":[{"href":"https:\/\/singuli.wpress.me\/index.php\/wp-json\/wp\/v2\/product"}],"about":[{"href":"https:\/\/singuli.wpress.me\/index.php\/wp-json\/wp\/v2\/types\/product"}],"version-history":[{"count":0,"href":"https:\/\/singuli.wpress.me\/index.php\/wp-json\/wp\/v2\/product\/41324\/revisions"}],"wp:attachment":[{"href":"https:\/\/singuli.wpress.me\/index.php\/wp-json\/wp\/v2\/media?parent=41324"}],"wp:term":[{"taxonomy":"product_brand","embeddable":true,"href":"https:\/\/singuli.wpress.me\/index.php\/wp-json\/wp\/v2\/product_brand?post=41324"},{"taxonomy":"product_cat","embeddable":true,"href":"https:\/\/singuli.wpress.me\/index.php\/wp-json\/wp\/v2\/product_cat?post=41324"},{"taxonomy":"product_tag","embeddable":true,"href":"https:\/\/singuli.wpress.me\/index.php\/wp-json\/wp\/v2\/product_tag?post=41324"}],"curies":[{"name":"wp","href":"https:\/\/api.w.org\/{rel}","templated":true}]}}