{"id":41327,"date":"2026-04-19T15:21:02","date_gmt":"2026-04-19T15:21:02","guid":{"rendered":"https:\/\/singuli.wpress.me\/index.php\/proizvod\/braun-serija-6-61-b7500cc-brijac\/"},"modified":"2026-04-21T00:27:08","modified_gmt":"2026-04-21T00:27:08","slug":"braun-serija-6-61-b7500cc-brijac","status":"publish","type":"product","link":"https:\/\/singuli.wpress.me\/index.php\/proizvod\/braun-serija-6-61-b7500cc-brijac\/","title":{"rendered":"BRAUN serija 6 61-B7500CC, brija\u010d"},"content":{"rendered":"<p>Braun Series 6 61-B7500cc, punjivi be\u017ei\u010dni brija\u0107i aparat s mre\u017eicom, za mokro i suho brijanje, s jedinicom SmartCare Center i trimerom za bradu, plavi<\/p>\n<p>Istaknute zna\u010dajke:<br \/>\n\u2022 Temeljito i ugodno brijanje: dermatolo\u0161ki testirana pokretljiva glava SensoFlex i o\u0161trice SensoFoil posebno su dizajnirane tako da smanje pritisak na osjetljivu ko\u017eu.<br \/>\n\u2022 U\u010dinkovitost i kod zahtjevnijih brada: tehnologija AutoSense o\u010ditava zna\u010dajke va\u0161e brade i prilago\u0111ava rad motora njezinoj gusto\u0107i, hvataju\u0107i i podrezuju\u0107i vi\u0161e dla\u010dica pri svakom brijanju.<br \/>\n\u2022 Litij-ionska baterija za do 3 tjedna brijanja  (do 50 minuta rada). 5-minutno brzo punjenje dostatno je za jedno brijanje.<br \/>\n\u2022 100% vodootporni elektri\u010dni brija\u0107i aparat za mokru i suhu upotrebu.<br \/>\n\u2022 S ovim brija\u0107im aparatom dobivate i jedinicu 4in1 SmartCare Center te nastavak s trimerom za oblikovanje i ure\u0111ivanje brada duljine 0,5 do 7 mm.<\/p>\n<p>Braun Series 6 61-B7500cc &#8211; Novi Series 6<br \/>\nTemeljito brijanje. Iznena\u0111uju\u0107e nje\u017eno prema osjetljivoj ko\u017ei. Projektirano u Njema\u010dkoj.<\/p>\n<p>Prilago\u0111avanje za manji pritisak<br \/>\nDermatolo\u0161ki testirana glava SensoFlex smanjuje pritisak na osjetljivu ko\u017eu, a pritom pru\u017ea temeljito brijanje.<\/p>\n<p>Obe\u0107anje tehnologije na kojoj po\u010diva Series 6:<br \/>\n\u2022 Temeljito i ugodno brijanje: glava SensoFlex i o\u0161trice SensoFoil smanjuju pritisak na ko\u017eu.<br \/>\n\u2022 U\u010dinkovitost i kod zahtjevnijih brada: tehnologija AutoSense o\u010ditava zna\u010dajke va\u0161e brade i prilago\u0111ava rad motora njezinoj gusto\u0107i, hvataju\u0107i i podrezuju\u0107i vi\u0161e dla\u010dica pri svakom brijanju.<br \/>\n\u2022 Litij-ionska baterija pru\u017ea do 3 tjedna brijanja. 5-minutno brzo punjenje dostatno je za 1 brijanje.<br \/>\n\u2022 100% vodootporni elektri\u010dni brija\u0107i aparat za mokru i suhu upotrebu.<br \/>\n\u2022 S ovim brija\u0107im aparatom dobivate i nastavak s trimerom za oblikovanje i ure\u0111ivanje brada duljine 0,5 do 7 mm.<\/p>\n<p>Tehnologija AutoSense<br \/>\nOvaj je brija\u0107i aparat stvoren za u\u010dinkovitost. Tehnologija AutoSense o\u010ditava gusto\u0107u va\u0161e brade i prilago\u0111ava joj svoj rad, uklanjaju\u0107i vi\u0161e dla\u010dica pri svakom brijanju.<\/p>\n<p>Sustav nastavaka EasyClick<br \/>\nVa\u0161 brija\u0107i aparat mo\u017ee pru\u017eiti vi\u0161e od samog brijanja. S njim ve\u0107 dobivate nastavak s trimerom za bradu (za duljine 0,5 do 7 mm), a kompatibilan je i s drugim nastavcima EasyClick.<\/p>\n<p>Lako rukovanje<br \/>\nNova ergonomska dr\u0161ka omogu\u0107uje lako brijanje jednostavnim potezima u jednom smjeru.<\/p>\n<p>Dugotrajnija litij-ionska baterija<br \/>\n&#8211; 1 potpuno punjenje omogu\u0107uje do 3 tjedna brijanja.<br \/>\n&#8211; 5-minutno brzo punjenje dostatno je za 1 kompletno brijanje.<\/p>\n<p>100% vodootporan za mokru i suhu upotrebu<br \/>\nOsmi\u0161ljen tako da se mo\u017eete brijati kako god po\u017eelite: na suho, s pjenom ili gelom, ili pak pod tu\u0161em.<\/p>\n<p>Za brija\u0107i aparat koji je kao nov svakoga dana<br \/>\nJedinica SmartCare Center puni, \u010disti i podmazuje brija\u0107i aparat jednim pritiskom na gumb.<\/p>\n<p>Opis proizvoda:<br \/>\nElektri\u010dni brija\u0107i aparat Braun Series 6 ima dermatolo\u0161ki testiranu glavu SensoFlex koja se mo\u017ee okretati oko svoje osi i o\u0161trice SensoFoil koje omogu\u0107uju prilagodbu pritiska za temeljito brijanje, ostaju\u0107i pritom nje\u017ene prema ko\u017ei. Litij-ionska baterija pru\u017ea do 3 tjedna brijanja, a 5-minutno brzo punjenje dostatno je za jedno brijanje. Ovaj mu\u0161ki brija\u0107i aparat je 100% vodootporan te prikladan i za mokru i za suhu upotrebu. S ure\u0111ajem odmah dobivate i jedinicu 4in1 SmartCare Center te nastavak s trimerom za bradu.<\/p>\n<p>Sadr\u017eaj pakiranja:<br \/>\n1x elektri\u010dni brija\u0107i aparat Series 6, plavi<br \/>\n1x jedinica SmartCare Center<br \/>\n1x nastavak s trimerom za bradu<br \/>\n1x putni etui<br \/>\n1x utika\u010d SmartPlug koji se automatski prilago\u0111ava naponu 100-240 V diljem svijeta<br \/>\n1x \u010detkica za \u010di\u0161\u0107enje<br \/>\n1x meka torbica<\/p>\n","protected":false},"excerpt":{"rendered":"<p>Dermatolo\u0161ki testirana glava SensoFlex koja se mo\u017ee okretati oko svoje osi i o\u0161trice SensoFoil koje omogu\u0107uju prilagodbu pritiska za temeljito brijanje, ostaju\u0107i pritom nje\u017ene prema ko\u017ei<br \/>\nLitij-ionska baterija pru\u017ea do 3 tjedna brijanja<br \/>\n100% vodootporni elektri\u010dni brija\u0107i aparat za mokru i suhu upotrebu<\/p>\n","protected":false},"featured_media":0,"template":"","meta":{"_seopress_robots_primary_cat":"","_seopress_titles_title":"","_seopress_titles_desc":"","_seopress_robots_index":"","iawp_total_views":0},"product_brand":[144],"product_cat":[280,192,279],"product_tag":[],"class_list":{"0":"post-41327","1":"product","2":"type-product","3":"status-publish","5":"product_brand-braun","6":"product_cat-aparati-za-muskarce-279","7":"product_cat-aparati-za-osobnu-njegu","8":"product_cat-brijanje-i-sisanje-192","10":"first","11":"outofstock","12":"shipping-taxable","13":"purchasable","14":"product-type-simple"},"_links":{"self":[{"href":"https:\/\/singuli.wpress.me\/index.php\/wp-json\/wp\/v2\/product\/41327","targetHints":{"allow":["GET"]}}],"collection":[{"href":"https:\/\/singuli.wpress.me\/index.php\/wp-json\/wp\/v2\/product"}],"about":[{"href":"https:\/\/singuli.wpress.me\/index.php\/wp-json\/wp\/v2\/types\/product"}],"version-history":[{"count":0,"href":"https:\/\/singuli.wpress.me\/index.php\/wp-json\/wp\/v2\/product\/41327\/revisions"}],"wp:attachment":[{"href":"https:\/\/singuli.wpress.me\/index.php\/wp-json\/wp\/v2\/media?parent=41327"}],"wp:term":[{"taxonomy":"product_brand","embeddable":true,"href":"https:\/\/singuli.wpress.me\/index.php\/wp-json\/wp\/v2\/product_brand?post=41327"},{"taxonomy":"product_cat","embeddable":true,"href":"https:\/\/singuli.wpress.me\/index.php\/wp-json\/wp\/v2\/product_cat?post=41327"},{"taxonomy":"product_tag","embeddable":true,"href":"https:\/\/singuli.wpress.me\/index.php\/wp-json\/wp\/v2\/product_tag?post=41327"}],"curies":[{"name":"wp","href":"https:\/\/api.w.org\/{rel}","templated":true}]}}