{"id":41328,"date":"2026-04-19T15:21:03","date_gmt":"2026-04-19T15:21:03","guid":{"rendered":"https:\/\/singuli.wpress.me\/index.php\/proizvod\/natureta-fileti-zute-paprike-530-g\/"},"modified":"2026-04-20T12:33:36","modified_gmt":"2026-04-20T12:33:36","slug":"natureta-fileti-zute-paprike-530-g","status":"publish","type":"product","link":"https:\/\/singuli.wpress.me\/index.php\/proizvod\/natureta-fileti-zute-paprike-530-g\/","title":{"rendered":"NATURETA, fileti \u017eute paprike, 530\u00a0g"},"content":{"rendered":"<p>Paprika svojim ugodnim okusom oboga\u0107uje mnoga jela od mesa i povr\u0107a, a ujedno je izvrstan dodatak mesnim narescima, kanapeima i drugim zalogajima.\u00a0<\/p>\n<p>Naravno, mo\u017ee se u\u017eivati \u200b\u200bi samostalno, kao ukusna, osvje\u017eavaju\u0107a salata koja uvijek dobro pa\u0161e.<\/p>\n","protected":false},"excerpt":{"rendered":"<p>Izvrstan okus<br \/>\nTradicionalna receptura<br \/>\nOboga\u0107uje mnoga jela<\/p>\n","protected":false},"featured_media":0,"template":"","meta":{"_seopress_robots_primary_cat":"","_seopress_titles_title":"","_seopress_titles_desc":"","_seopress_robots_index":"","iawp_total_views":0},"product_brand":[811],"product_cat":[261,299],"product_tag":[],"class_list":{"0":"post-41328","1":"product","2":"type-product","3":"status-publish","5":"product_brand-natureta","6":"product_cat-hrana-i-pice","7":"product_cat-konzervirana-i-gotova-hrana-261","9":"first","10":"outofstock","11":"shipping-taxable","12":"purchasable","13":"product-type-simple"},"_links":{"self":[{"href":"https:\/\/singuli.wpress.me\/index.php\/wp-json\/wp\/v2\/product\/41328","targetHints":{"allow":["GET"]}}],"collection":[{"href":"https:\/\/singuli.wpress.me\/index.php\/wp-json\/wp\/v2\/product"}],"about":[{"href":"https:\/\/singuli.wpress.me\/index.php\/wp-json\/wp\/v2\/types\/product"}],"version-history":[{"count":0,"href":"https:\/\/singuli.wpress.me\/index.php\/wp-json\/wp\/v2\/product\/41328\/revisions"}],"wp:attachment":[{"href":"https:\/\/singuli.wpress.me\/index.php\/wp-json\/wp\/v2\/media?parent=41328"}],"wp:term":[{"taxonomy":"product_brand","embeddable":true,"href":"https:\/\/singuli.wpress.me\/index.php\/wp-json\/wp\/v2\/product_brand?post=41328"},{"taxonomy":"product_cat","embeddable":true,"href":"https:\/\/singuli.wpress.me\/index.php\/wp-json\/wp\/v2\/product_cat?post=41328"},{"taxonomy":"product_tag","embeddable":true,"href":"https:\/\/singuli.wpress.me\/index.php\/wp-json\/wp\/v2\/product_tag?post=41328"}],"curies":[{"name":"wp","href":"https:\/\/api.w.org\/{rel}","templated":true}]}}