{"id":41331,"date":"2026-04-19T15:21:05","date_gmt":"2026-04-19T15:21:05","guid":{"rendered":"https:\/\/singuli.wpress.me\/index.php\/proizvod\/braun-cleanrenew-patrone-za-ciscenje-4-kom-2\/"},"modified":"2026-04-20T12:33:36","modified_gmt":"2026-04-20T12:33:36","slug":"braun-cleanrenew-patrone-za-ciscenje-4-kom-2","status":"publish","type":"product","link":"https:\/\/singuli.wpress.me\/index.php\/proizvod\/braun-cleanrenew-patrone-za-ciscenje-4-kom-2\/","title":{"rendered":"BRAUN Clean&amp;Renew, patrone za \u010di\u0161\u0107enje, 4\u00a0kom"},"content":{"rendered":"<p>Uz <span style=\"font-weight: bold;color: #4472C4\">Braun Clean&amp;Renew<\/span><span style=\"color: #4472C4\"> patrone za \u010di\u0161\u0107enje pobrinite se da va\u0161 aparat za brijanje svaki dan bude kao nov.<\/p>\n<p>Pogodan je za sve Braun stanice za \u010di\u0161\u0107enje.<\/p>\n<p><\/span><span style=\"font-weight: bold;color: #4472C4\">Zna\u010dajke:<\/span><span style=\"color: #4472C4\"><br \/>\n&#8211; \u010cisti &#8211; Formula se temelji na alkoholu, koji higijenski \u010disti va\u0161 aparat za brijanje.<br \/>\n&#8211; Obnavlja &#8211; Odr\u017eava brija\u010d na maksimalnoj u\u010dinkovitosti.<br \/>\n&#8211; Osvje\u017eava &#8211; Uz posebnu aromu limuna, va\u0161e \u0107e brijanje svaki put biti osvje\u017eavaju\u0107e iskustvo.<\/span><\/p>\n","protected":false},"excerpt":{"rendered":"<p>Neka va\u0161 aparat za brijanje svaki dan izgleda kao nov.<br \/>\nPrikladno za sve Braun stanice za \u010di\u0161\u0107enje.<br \/>\nPakiranje 2 komada.<\/p>\n","protected":false},"featured_media":0,"template":"","meta":{"_seopress_robots_primary_cat":"","_seopress_titles_title":"","_seopress_titles_desc":"","_seopress_robots_index":"","iawp_total_views":0},"product_brand":[144],"product_cat":[280,192,279],"product_tag":[],"class_list":{"0":"post-41331","1":"product","2":"type-product","3":"status-publish","5":"product_brand-braun","6":"product_cat-aparati-za-muskarce-279","7":"product_cat-aparati-za-osobnu-njegu","8":"product_cat-brijanje-i-sisanje-192","10":"first","11":"outofstock","12":"shipping-taxable","13":"purchasable","14":"product-type-simple"},"_links":{"self":[{"href":"https:\/\/singuli.wpress.me\/index.php\/wp-json\/wp\/v2\/product\/41331","targetHints":{"allow":["GET"]}}],"collection":[{"href":"https:\/\/singuli.wpress.me\/index.php\/wp-json\/wp\/v2\/product"}],"about":[{"href":"https:\/\/singuli.wpress.me\/index.php\/wp-json\/wp\/v2\/types\/product"}],"version-history":[{"count":0,"href":"https:\/\/singuli.wpress.me\/index.php\/wp-json\/wp\/v2\/product\/41331\/revisions"}],"wp:attachment":[{"href":"https:\/\/singuli.wpress.me\/index.php\/wp-json\/wp\/v2\/media?parent=41331"}],"wp:term":[{"taxonomy":"product_brand","embeddable":true,"href":"https:\/\/singuli.wpress.me\/index.php\/wp-json\/wp\/v2\/product_brand?post=41331"},{"taxonomy":"product_cat","embeddable":true,"href":"https:\/\/singuli.wpress.me\/index.php\/wp-json\/wp\/v2\/product_cat?post=41331"},{"taxonomy":"product_tag","embeddable":true,"href":"https:\/\/singuli.wpress.me\/index.php\/wp-json\/wp\/v2\/product_tag?post=41331"}],"curies":[{"name":"wp","href":"https:\/\/api.w.org\/{rel}","templated":true}]}}