{"id":41332,"date":"2026-04-19T15:21:06","date_gmt":"2026-04-19T15:21:06","guid":{"rendered":"https:\/\/singuli.wpress.me\/index.php\/proizvod\/tomy-veseli-likovi\/"},"modified":"2026-04-20T12:33:36","modified_gmt":"2026-04-20T12:33:36","slug":"tomy-veseli-likovi","status":"publish","type":"product","link":"https:\/\/singuli.wpress.me\/index.php\/proizvod\/tomy-veseli-likovi\/","title":{"rendered":"TOMY, veseli likovi"},"content":{"rendered":"<p>Ovi <span style=\"font-weight: bold\">super slatki likovi savr\u0161eni su poklon za male ljubitelje glazbe<\/span>.<br \/>\nJednostavno puhnite u stra\u017enji dio glave da biste \u010duli njihov zvuk.<br \/>\nIzvucite nogice da vidite kako stoje, a zatim ih protresite da \u010dujete njihovo zveckanje!<br \/>\nU sortu dolaze pingvin, pile i papiga.<br \/>\nKojeg \u0107e\u0161 ti dobiti? Igra\u010dka dolazi u vi\u0161e razli\u010ditih modela, a isporuka ovisi o njihovoj trenutnoj raspolo\u017eivosti.<br \/>\nDob: 18mj +<\/p>\n","protected":false},"excerpt":{"rendered":"<p>Izvucite nogice kako bi likovi stajali i protresite ih za zveckanje<br \/>\nIgra\u010dka dolazi u tri razli\u010dita modela<br \/>\nDob: 18+m<\/p>\n","protected":false},"featured_media":0,"template":"","meta":{"_seopress_robots_primary_cat":"","_seopress_titles_title":"","_seopress_titles_desc":"","_seopress_robots_index":"","iawp_total_views":0},"product_brand":[487],"product_cat":[221,291],"product_tag":[],"class_list":{"0":"post-41332","1":"product","2":"type-product","3":"status-publish","5":"product_brand-tomy","6":"product_cat-igracke","7":"product_cat-igracke-za-djecu-221","9":"first","10":"outofstock","11":"shipping-taxable","12":"purchasable","13":"product-type-simple"},"_links":{"self":[{"href":"https:\/\/singuli.wpress.me\/index.php\/wp-json\/wp\/v2\/product\/41332","targetHints":{"allow":["GET"]}}],"collection":[{"href":"https:\/\/singuli.wpress.me\/index.php\/wp-json\/wp\/v2\/product"}],"about":[{"href":"https:\/\/singuli.wpress.me\/index.php\/wp-json\/wp\/v2\/types\/product"}],"version-history":[{"count":0,"href":"https:\/\/singuli.wpress.me\/index.php\/wp-json\/wp\/v2\/product\/41332\/revisions"}],"wp:attachment":[{"href":"https:\/\/singuli.wpress.me\/index.php\/wp-json\/wp\/v2\/media?parent=41332"}],"wp:term":[{"taxonomy":"product_brand","embeddable":true,"href":"https:\/\/singuli.wpress.me\/index.php\/wp-json\/wp\/v2\/product_brand?post=41332"},{"taxonomy":"product_cat","embeddable":true,"href":"https:\/\/singuli.wpress.me\/index.php\/wp-json\/wp\/v2\/product_cat?post=41332"},{"taxonomy":"product_tag","embeddable":true,"href":"https:\/\/singuli.wpress.me\/index.php\/wp-json\/wp\/v2\/product_tag?post=41332"}],"curies":[{"name":"wp","href":"https:\/\/api.w.org\/{rel}","templated":true}]}}