{"id":41333,"date":"2026-04-19T15:21:07","date_gmt":"2026-04-19T15:21:07","guid":{"rendered":"https:\/\/singuli.wpress.me\/index.php\/proizvod\/gillette-venus-venus-comfortglide-spa-breeze-brijac-s-zamjenskim-britvicama-2-kom\/"},"modified":"2026-04-20T12:33:36","modified_gmt":"2026-04-20T12:33:36","slug":"gillette-venus-venus-comfortglide-spa-breeze-brijac-s-zamjenskim-britvicama-2-kom","status":"publish","type":"product","link":"https:\/\/singuli.wpress.me\/index.php\/proizvod\/gillette-venus-venus-comfortglide-spa-breeze-brijac-s-zamjenskim-britvicama-2-kom\/","title":{"rendered":"GILLETTE Venus Venus Comfortglide Spa Breeze, brija\u010d s zamjenskim britvicama, 2\u00a0kom"},"content":{"rendered":"<p>O\u0161trice Venusovih brija\u010da i britvica za \u017eene dizajnirane su upravo za \u017eensko tijelo. <\/p>\n<p>\u017denski brija\u010d Gillette Venus Comfortglide Spa Breeze imaju 3 o\u0161trice za glatko i temeljito brijanje. <\/p>\n<p>Zamjenske britvice za brija\u010d imaju ugra\u0111ene trakice s gelom koje otpu\u0161taju maslac za tijelo s mirisom bijelog \u010daja kako bi o\u0161trice ugodnije klizile po ko\u017ei. <\/p>\n<p>S pokretljivom glavom koja se prilago\u0111ava konturama va\u0161eg tijela. <\/p>\n<p>Sve britvice Gillette Venus mogu se koristiti sa svim dr\u0161kama Gillette Venus (osim Gillette Simply Venus i Gillette Venus Pubic Hair and Skin).<\/p>\n","protected":false},"excerpt":{"rendered":"<p>2 zamjenske britvice s 3 ugra\u0111ene o\u0161trice za glatko, temeljito brijanje s dugotrajnim rezultatima<br \/>\nPokretljiva glava prilago\u0111ava se konturama va\u0161eg tijela<br \/>\nTrakice s gelom otpu\u0161taju bogatu pjenu maslaca za tijelo s mirisom bijelog \u010daja i \u0161tite va\u0161u ko\u017eu od posjekotina i iritacija<\/p>\n","protected":false},"featured_media":0,"template":"","meta":{"_seopress_robots_primary_cat":"","_seopress_titles_title":"","_seopress_titles_desc":"","_seopress_robots_index":"","iawp_total_views":0},"product_brand":[323],"product_cat":[280,192,279],"product_tag":[],"class_list":{"0":"post-41333","1":"product","2":"type-product","3":"status-publish","5":"product_brand-gillette","6":"product_cat-aparati-za-muskarce-279","7":"product_cat-aparati-za-osobnu-njegu","8":"product_cat-brijanje-i-sisanje-192","10":"first","11":"instock","12":"shipping-taxable","13":"purchasable","14":"product-type-simple"},"_links":{"self":[{"href":"https:\/\/singuli.wpress.me\/index.php\/wp-json\/wp\/v2\/product\/41333","targetHints":{"allow":["GET"]}}],"collection":[{"href":"https:\/\/singuli.wpress.me\/index.php\/wp-json\/wp\/v2\/product"}],"about":[{"href":"https:\/\/singuli.wpress.me\/index.php\/wp-json\/wp\/v2\/types\/product"}],"version-history":[{"count":0,"href":"https:\/\/singuli.wpress.me\/index.php\/wp-json\/wp\/v2\/product\/41333\/revisions"}],"wp:attachment":[{"href":"https:\/\/singuli.wpress.me\/index.php\/wp-json\/wp\/v2\/media?parent=41333"}],"wp:term":[{"taxonomy":"product_brand","embeddable":true,"href":"https:\/\/singuli.wpress.me\/index.php\/wp-json\/wp\/v2\/product_brand?post=41333"},{"taxonomy":"product_cat","embeddable":true,"href":"https:\/\/singuli.wpress.me\/index.php\/wp-json\/wp\/v2\/product_cat?post=41333"},{"taxonomy":"product_tag","embeddable":true,"href":"https:\/\/singuli.wpress.me\/index.php\/wp-json\/wp\/v2\/product_tag?post=41333"}],"curies":[{"name":"wp","href":"https:\/\/api.w.org\/{rel}","templated":true}]}}