{"id":41338,"date":"2026-04-19T15:21:08","date_gmt":"2026-04-19T15:21:08","guid":{"rendered":"https:\/\/singuli.wpress.me\/index.php\/proizvod\/games-drustvena-igra-skip-bo-karte-display\/"},"modified":"2026-04-21T00:27:09","modified_gmt":"2026-04-21T00:27:09","slug":"games-drustvena-igra-skip-bo-karte-display","status":"publish","type":"product","link":"https:\/\/singuli.wpress.me\/index.php\/proizvod\/games-drustvena-igra-skip-bo-karte-display\/","title":{"rendered":"GAMES, dru\u0161tvena igra, Skip-bo karte display"},"content":{"rendered":"<p>Skip-Bo je jo\u0161 jedna bezvremenska igra kartama osmi\u0161ljena od strane kreatora UNO karata.<\/p>\n<p>Igra\u010di koriste vje\u0161tinu i strategiju za slaganje uzastopnih rastu\u0107ih nizova karata. Igra\u010dima se dijeli ista koli\u010dina karata licem prema dolje  i to je njihova hrpa karata.<\/p>\n<p>Od tih karata sla\u017eu se do 4 hrpe u uzlaznom numeri\u010dkom nizu, od 1 do 12.<\/p>\n<p>Dodatni zaokret igri daje skip-bo karta koja se mo\u017ee iskoristiti za po\u010detak slaganja novog niza ili mijenja bilo koji broj.<\/p>\n<p>Prvi igra\u010d koji iskoristi sve karte u svojoj hrpi pobje\u0111uje.<\/p>\n<p>Za sate zabave!<\/p>\n","protected":false},"excerpt":{"rendered":"<p>Bezvremenska igra osmi\u0161ljena od strane kreatora UNO karata<br \/>\nZabavna dru\u0161tvena igra<br \/>\nPrvi igra\u010d koji iskoristi sve karte u svojoj hrpi pobje\u0111uje<\/p>\n","protected":false},"featured_media":0,"template":"","meta":{"_seopress_robots_primary_cat":"","_seopress_titles_title":"","_seopress_titles_desc":"","_seopress_robots_index":"","iawp_total_views":0},"product_brand":[390],"product_cat":[290,221],"product_tag":[],"class_list":{"0":"post-41338","1":"product","2":"type-product","3":"status-publish","5":"product_brand-games","6":"product_cat-drustvene-igre-221","7":"product_cat-igracke","9":"first","10":"outofstock","11":"shipping-taxable","12":"purchasable","13":"product-type-simple"},"_links":{"self":[{"href":"https:\/\/singuli.wpress.me\/index.php\/wp-json\/wp\/v2\/product\/41338","targetHints":{"allow":["GET"]}}],"collection":[{"href":"https:\/\/singuli.wpress.me\/index.php\/wp-json\/wp\/v2\/product"}],"about":[{"href":"https:\/\/singuli.wpress.me\/index.php\/wp-json\/wp\/v2\/types\/product"}],"version-history":[{"count":0,"href":"https:\/\/singuli.wpress.me\/index.php\/wp-json\/wp\/v2\/product\/41338\/revisions"}],"wp:attachment":[{"href":"https:\/\/singuli.wpress.me\/index.php\/wp-json\/wp\/v2\/media?parent=41338"}],"wp:term":[{"taxonomy":"product_brand","embeddable":true,"href":"https:\/\/singuli.wpress.me\/index.php\/wp-json\/wp\/v2\/product_brand?post=41338"},{"taxonomy":"product_cat","embeddable":true,"href":"https:\/\/singuli.wpress.me\/index.php\/wp-json\/wp\/v2\/product_cat?post=41338"},{"taxonomy":"product_tag","embeddable":true,"href":"https:\/\/singuli.wpress.me\/index.php\/wp-json\/wp\/v2\/product_tag?post=41338"}],"curies":[{"name":"wp","href":"https:\/\/api.w.org\/{rel}","templated":true}]}}