{"id":41341,"date":"2026-04-19T15:21:10","date_gmt":"2026-04-19T15:21:10","guid":{"rendered":"https:\/\/singuli.wpress.me\/index.php\/proizvod\/encanto-skola-crtanja\/"},"modified":"2026-04-20T12:33:36","modified_gmt":"2026-04-20T12:33:36","slug":"encanto-skola-crtanja","status":"publish","type":"product","link":"https:\/\/singuli.wpress.me\/index.php\/proizvod\/encanto-skola-crtanja\/","title":{"rendered":"ENCANTO, \u0161kola crtanja"},"content":{"rendered":"<p>Nacrtaj i obojaj svoje omiljene likove uz ovaj <span style=\"font-weight: bold\">kreativni set \u2013 \u0161kolu crtanja<\/span>. Jednostavno crtanje zahvaljuju\u0107i uputama koje sadr\u017ee mnoge crte\u017ee raspore\u0111ene prema zahtjevnosti \u2013 od jednostavnih vje\u017ebi do kompleksnijih crte\u017ea. 4 pi\u0161i bri\u0161i plo\u010de omogu\u0107avaju ti da crta\u0161 i bri\u0161e\u0161 kolko god puta \u017eeli\u0161. <br \/>\nSadr\u017eaj: 4 pi\u0161i bri\u0161i plo\u010de, upute, pi\u0161i bri\u0161i marker, 4 markera <br \/>\nDob: 3+ godine<\/p>\n","protected":false},"excerpt":{"rendered":"<p>Kreativni set za crtanje i bojenje omiljenih likova<br \/>\nSadr\u017ei 4 pi\u0161i bri\u0161i plo\u010de za vi\u0161ekratno crtanje i brisanje<br \/>\nDob: 3+ god<\/p>\n","protected":false},"featured_media":0,"template":"","meta":{"_seopress_robots_primary_cat":"","_seopress_titles_title":"","_seopress_titles_desc":"","_seopress_robots_index":"","iawp_total_views":0},"product_brand":[863],"product_cat":[221,291],"product_tag":[],"class_list":{"0":"post-41341","1":"product","2":"type-product","3":"status-publish","5":"product_brand-encanto","6":"product_cat-igracke","7":"product_cat-igracke-za-djecu-221","9":"first","10":"outofstock","11":"shipping-taxable","12":"purchasable","13":"product-type-simple"},"_links":{"self":[{"href":"https:\/\/singuli.wpress.me\/index.php\/wp-json\/wp\/v2\/product\/41341","targetHints":{"allow":["GET"]}}],"collection":[{"href":"https:\/\/singuli.wpress.me\/index.php\/wp-json\/wp\/v2\/product"}],"about":[{"href":"https:\/\/singuli.wpress.me\/index.php\/wp-json\/wp\/v2\/types\/product"}],"version-history":[{"count":0,"href":"https:\/\/singuli.wpress.me\/index.php\/wp-json\/wp\/v2\/product\/41341\/revisions"}],"wp:attachment":[{"href":"https:\/\/singuli.wpress.me\/index.php\/wp-json\/wp\/v2\/media?parent=41341"}],"wp:term":[{"taxonomy":"product_brand","embeddable":true,"href":"https:\/\/singuli.wpress.me\/index.php\/wp-json\/wp\/v2\/product_brand?post=41341"},{"taxonomy":"product_cat","embeddable":true,"href":"https:\/\/singuli.wpress.me\/index.php\/wp-json\/wp\/v2\/product_cat?post=41341"},{"taxonomy":"product_tag","embeddable":true,"href":"https:\/\/singuli.wpress.me\/index.php\/wp-json\/wp\/v2\/product_tag?post=41341"}],"curies":[{"name":"wp","href":"https:\/\/api.w.org\/{rel}","templated":true}]}}