{"id":41344,"date":"2026-04-19T15:21:12","date_gmt":"2026-04-19T15:21:12","guid":{"rendered":"https:\/\/singuli.wpress.me\/index.php\/proizvod\/gillette-king-c-gillette-double-edge-brijac-5-kom\/"},"modified":"2026-04-20T12:33:36","modified_gmt":"2026-04-20T12:33:36","slug":"gillette-king-c-gillette-double-edge-brijac-5-kom","status":"publish","type":"product","link":"https:\/\/singuli.wpress.me\/index.php\/proizvod\/gillette-king-c-gillette-double-edge-brijac-5-kom\/","title":{"rendered":"GILLETTE King C. Gillette Double Edge, brija\u010d, 5\u00a0kom"},"content":{"rendered":"<p>Vrhunac vi\u0161e od stolje\u0107a inovacija i stru\u010dnosti te jedina linija koja nosi ime osniva\u010da na\u0161e tvrtke: King C. Gillette. <\/p>\n<p>Ovaj brija\u010d odlikuje se atraktivnim dizajnom nadahnutim Gilletteovim naslje\u0111em, za vrhunsku preciznost u definiranju rubova. <\/p>\n<p>Jedna, platinom presvu\u010dena o\u0161trica s dva ruba izuzetno je precizna, \u0161to je \u010dini idealnom za oblikovanje zalizaka i sna\u017enih linija brade. <\/p>\n<p>Gilletteov zatvoreni dizajn \u010de\u0161lji\u0107a omogu\u0107uje dobru kontrolu, dok visokokvalitetna kromirana ru\u010dka osigurava dugotrajnost.<\/p>\n","protected":false},"excerpt":{"rendered":"<p>Kromirana dr\u0161ka i 5 zamjenjivih \u017eileta<br \/>\nBrija\u010d sa za\u0161ti\u0107enom o\u0161tricom dvostrukih rubova<br \/>\nDugotrajne o\u0161trice od nehr\u0111aju\u0107eg \u010delika, presvu\u010dene platinom<\/p>\n","protected":false},"featured_media":0,"template":"","meta":{"_seopress_robots_primary_cat":"","_seopress_titles_title":"","_seopress_titles_desc":"","_seopress_robots_index":"","iawp_total_views":0},"product_brand":[323],"product_cat":[280,192,279],"product_tag":[],"class_list":{"0":"post-41344","1":"product","2":"type-product","3":"status-publish","5":"product_brand-gillette","6":"product_cat-aparati-za-muskarce-279","7":"product_cat-aparati-za-osobnu-njegu","8":"product_cat-brijanje-i-sisanje-192","10":"first","11":"outofstock","12":"shipping-taxable","13":"purchasable","14":"product-type-simple"},"_links":{"self":[{"href":"https:\/\/singuli.wpress.me\/index.php\/wp-json\/wp\/v2\/product\/41344","targetHints":{"allow":["GET"]}}],"collection":[{"href":"https:\/\/singuli.wpress.me\/index.php\/wp-json\/wp\/v2\/product"}],"about":[{"href":"https:\/\/singuli.wpress.me\/index.php\/wp-json\/wp\/v2\/types\/product"}],"version-history":[{"count":0,"href":"https:\/\/singuli.wpress.me\/index.php\/wp-json\/wp\/v2\/product\/41344\/revisions"}],"wp:attachment":[{"href":"https:\/\/singuli.wpress.me\/index.php\/wp-json\/wp\/v2\/media?parent=41344"}],"wp:term":[{"taxonomy":"product_brand","embeddable":true,"href":"https:\/\/singuli.wpress.me\/index.php\/wp-json\/wp\/v2\/product_brand?post=41344"},{"taxonomy":"product_cat","embeddable":true,"href":"https:\/\/singuli.wpress.me\/index.php\/wp-json\/wp\/v2\/product_cat?post=41344"},{"taxonomy":"product_tag","embeddable":true,"href":"https:\/\/singuli.wpress.me\/index.php\/wp-json\/wp\/v2\/product_tag?post=41344"}],"curies":[{"name":"wp","href":"https:\/\/api.w.org\/{rel}","templated":true}]}}