{"id":41349,"date":"2026-04-19T15:21:14","date_gmt":"2026-04-19T15:21:14","guid":{"rendered":"https:\/\/singuli.wpress.me\/index.php\/proizvod\/bison-air-max-neutral-sakupljac-vlage-punjenje-u-vrecici-450-g\/"},"modified":"2026-04-20T12:33:36","modified_gmt":"2026-04-20T12:33:36","slug":"bison-air-max-neutral-sakupljac-vlage-punjenje-u-vrecici-450-g","status":"publish","type":"product","link":"https:\/\/singuli.wpress.me\/index.php\/proizvod\/bison-air-max-neutral-sakupljac-vlage-punjenje-u-vrecici-450-g\/","title":{"rendered":"BISON Air Max Neutral, sakuplja\u010d vlage, punjenje u vre\u0107ici , 450\u00a0g"},"content":{"rendered":"<p>Prakti\u010dno punjenje u vre\u0107ici za Air Max sakuplja\u010d vlage. <\/p>\n<p>Suzbija kondenzaciju, ustajale mirise i miris vlage. <\/p>\n<p>Sakuplja\u010d vlage je bez mirisa, ne\u010dujan, ne koristi energiju i jednostavno se puni. <\/p>\n<p>Sakuplja\u010d vlage smanjuje previsoku razinu relativne vla\u017enosti zraka u svim zatvorenim prostorima s malo ili bez ventilacije. <\/p>\n<p>Idealan je za podrum, gara\u017eu, tavan, ormar, kamp ku\u0107icu, brod, \u0161upu itd.<\/p>\n","protected":false},"excerpt":{"rendered":"<p>Ne koristi energiju<br \/>\nOsvje\u017eava zrak<br \/>\n\u010cisto za uporabu<\/p>\n","protected":false},"featured_media":0,"template":"","meta":{"_seopress_robots_primary_cat":"","_seopress_titles_title":"","_seopress_titles_desc":"","_seopress_robots_index":"","iawp_total_views":0},"product_brand":[494],"product_cat":[264,238],"product_tag":[],"class_list":{"0":"post-41349","1":"product","2":"type-product","3":"status-publish","5":"product_brand-bison","6":"product_cat-ljepila-i-brtvila-238","7":"product_cat-sve-za-dom","9":"first","10":"instock","11":"shipping-taxable","12":"purchasable","13":"product-type-simple"},"_links":{"self":[{"href":"https:\/\/singuli.wpress.me\/index.php\/wp-json\/wp\/v2\/product\/41349","targetHints":{"allow":["GET"]}}],"collection":[{"href":"https:\/\/singuli.wpress.me\/index.php\/wp-json\/wp\/v2\/product"}],"about":[{"href":"https:\/\/singuli.wpress.me\/index.php\/wp-json\/wp\/v2\/types\/product"}],"version-history":[{"count":0,"href":"https:\/\/singuli.wpress.me\/index.php\/wp-json\/wp\/v2\/product\/41349\/revisions"}],"wp:attachment":[{"href":"https:\/\/singuli.wpress.me\/index.php\/wp-json\/wp\/v2\/media?parent=41349"}],"wp:term":[{"taxonomy":"product_brand","embeddable":true,"href":"https:\/\/singuli.wpress.me\/index.php\/wp-json\/wp\/v2\/product_brand?post=41349"},{"taxonomy":"product_cat","embeddable":true,"href":"https:\/\/singuli.wpress.me\/index.php\/wp-json\/wp\/v2\/product_cat?post=41349"},{"taxonomy":"product_tag","embeddable":true,"href":"https:\/\/singuli.wpress.me\/index.php\/wp-json\/wp\/v2\/product_tag?post=41349"}],"curies":[{"name":"wp","href":"https:\/\/api.w.org\/{rel}","templated":true}]}}