{"id":41352,"date":"2026-04-19T15:21:14","date_gmt":"2026-04-19T15:21:14","guid":{"rendered":"https:\/\/singuli.wpress.me\/index.php\/proizvod\/laica-ks1320-usb-kuhinjska-vaga\/"},"modified":"2026-04-20T12:33:36","modified_gmt":"2026-04-20T12:33:36","slug":"laica-ks1320-usb-kuhinjska-vaga","status":"publish","type":"product","link":"https:\/\/singuli.wpress.me\/index.php\/proizvod\/laica-ks1320-usb-kuhinjska-vaga\/","title":{"rendered":"LAICA KS1320 USB, kuhinjska vaga"},"content":{"rendered":"<p>Digitalna elektroni\u010dka vaga Laica KS1320 va\u0161 je pouzdan pomo\u0107nik pri vaganju svih vrsta namirnica jer omogu\u0107uje to\u010dna i pouzdana mjerenja. <\/p>\n<p>Zahvaljuju\u0107i prilo\u017eenom USB kabelu ova vaga je pogodna za kori\u0161tenje bilo gdje i bilo kada.<\/p>\n","protected":false},"excerpt":{"rendered":"<p>Precizna mjerenja do 5 kg s odstupanjem prikaza do 1 g.<br \/>\nJednostavno napajanje putem prilo\u017eenog USB kabela.<br \/>\nSenzor dodira i funkcija vaganja teku\u0107ine za prakti\u010dnu upotrebu u kuhinji.<\/p>\n","protected":false},"featured_media":0,"template":"","meta":{"_seopress_robots_primary_cat":"","_seopress_titles_title":"","_seopress_titles_desc":"","_seopress_robots_index":"","iawp_total_views":0},"product_brand":[148],"product_cat":[266,265,160],"product_tag":[],"class_list":{"0":"post-41352","1":"product","2":"type-product","3":"status-publish","5":"product_brand-laica","6":"product_cat-aparati-za-kuhanje-265","7":"product_cat-kuhinjski-aparati-160","8":"product_cat-mali-kucanski-aparati","10":"first","11":"instock","12":"shipping-taxable","13":"purchasable","14":"product-type-simple"},"_links":{"self":[{"href":"https:\/\/singuli.wpress.me\/index.php\/wp-json\/wp\/v2\/product\/41352","targetHints":{"allow":["GET"]}}],"collection":[{"href":"https:\/\/singuli.wpress.me\/index.php\/wp-json\/wp\/v2\/product"}],"about":[{"href":"https:\/\/singuli.wpress.me\/index.php\/wp-json\/wp\/v2\/types\/product"}],"version-history":[{"count":0,"href":"https:\/\/singuli.wpress.me\/index.php\/wp-json\/wp\/v2\/product\/41352\/revisions"}],"wp:attachment":[{"href":"https:\/\/singuli.wpress.me\/index.php\/wp-json\/wp\/v2\/media?parent=41352"}],"wp:term":[{"taxonomy":"product_brand","embeddable":true,"href":"https:\/\/singuli.wpress.me\/index.php\/wp-json\/wp\/v2\/product_brand?post=41352"},{"taxonomy":"product_cat","embeddable":true,"href":"https:\/\/singuli.wpress.me\/index.php\/wp-json\/wp\/v2\/product_cat?post=41352"},{"taxonomy":"product_tag","embeddable":true,"href":"https:\/\/singuli.wpress.me\/index.php\/wp-json\/wp\/v2\/product_tag?post=41352"}],"curies":[{"name":"wp","href":"https:\/\/api.w.org\/{rel}","templated":true}]}}