{"id":41353,"date":"2026-04-19T15:21:15","date_gmt":"2026-04-19T15:21:15","guid":{"rendered":"https:\/\/singuli.wpress.me\/index.php\/proizvod\/borotalco-manneti-original-krema-za-tusiranje-250-ml\/"},"modified":"2026-04-20T12:33:37","modified_gmt":"2026-04-20T12:33:37","slug":"borotalco-manneti-original-krema-za-tusiranje-250-ml","status":"publish","type":"product","link":"https:\/\/singuli.wpress.me\/index.php\/proizvod\/borotalco-manneti-original-krema-za-tusiranje-250-ml\/","title":{"rendered":"BOROTALCO Manneti Original, krema za tu\u0161iranje, 250\u00a0ml"},"content":{"rendered":"<p>Borotalco gel krema za tu\u0161iranje s jedinstvenim osje\u0107ajem Borotalca na ko\u017ei, za mekan i svilenkast dodir. <\/p>\n<p>Uz jedinstveni miris Borotalco prepoznat od 1904. godine. bezvremenski miris koji spaja svje\u017einu citrusa s mekim srcem bijelog cvije\u0107a na puderastoj podlozi. <\/p>\n<p>Nje\u017ena prema ko\u017ei i planeti zahvaljuju\u0107i boci koja se mo\u017ee reciklirati te je napravljena od 100 % reciklirane plastike.<\/p>\n","protected":false},"excerpt":{"rendered":"<p>Hidratacija i njega<br \/>\nMiris koji budi osje\u0107aj ugode<br \/>\nZa meku i svilenkastu ko\u017eu<\/p>\n","protected":false},"featured_media":0,"template":"","meta":{"_seopress_robots_primary_cat":"","_seopress_titles_title":"","_seopress_titles_desc":"","_seopress_robots_index":"","iawp_total_views":0},"product_brand":[484],"product_cat":[268,278],"product_tag":[],"class_list":{"0":"post-41353","1":"product","2":"type-product","3":"status-publish","5":"product_brand-borotalco","6":"product_cat-kozmetika-2","7":"product_cat-njega-tijela-268","9":"first","10":"outofstock","11":"shipping-taxable","12":"purchasable","13":"product-type-simple"},"_links":{"self":[{"href":"https:\/\/singuli.wpress.me\/index.php\/wp-json\/wp\/v2\/product\/41353","targetHints":{"allow":["GET"]}}],"collection":[{"href":"https:\/\/singuli.wpress.me\/index.php\/wp-json\/wp\/v2\/product"}],"about":[{"href":"https:\/\/singuli.wpress.me\/index.php\/wp-json\/wp\/v2\/types\/product"}],"version-history":[{"count":0,"href":"https:\/\/singuli.wpress.me\/index.php\/wp-json\/wp\/v2\/product\/41353\/revisions"}],"wp:attachment":[{"href":"https:\/\/singuli.wpress.me\/index.php\/wp-json\/wp\/v2\/media?parent=41353"}],"wp:term":[{"taxonomy":"product_brand","embeddable":true,"href":"https:\/\/singuli.wpress.me\/index.php\/wp-json\/wp\/v2\/product_brand?post=41353"},{"taxonomy":"product_cat","embeddable":true,"href":"https:\/\/singuli.wpress.me\/index.php\/wp-json\/wp\/v2\/product_cat?post=41353"},{"taxonomy":"product_tag","embeddable":true,"href":"https:\/\/singuli.wpress.me\/index.php\/wp-json\/wp\/v2\/product_tag?post=41353"}],"curies":[{"name":"wp","href":"https:\/\/api.w.org\/{rel}","templated":true}]}}