{"id":41356,"date":"2026-04-19T15:21:15","date_gmt":"2026-04-19T15:21:15","guid":{"rendered":"https:\/\/singuli.wpress.me\/index.php\/proizvod\/oral-b-kids-vitality-d100-frozen-elektricna-cetkica-za-zube\/"},"modified":"2026-04-20T12:33:37","modified_gmt":"2026-04-20T12:33:37","slug":"oral-b-kids-vitality-d100-frozen-elektricna-cetkica-za-zube","status":"publish","type":"product","link":"https:\/\/singuli.wpress.me\/index.php\/proizvod\/oral-b-kids-vitality-d100-frozen-elektricna-cetkica-za-zube\/","title":{"rendered":"ORAL-B Kids Vitality D100 Frozen, elektri\u010dna \u010detkica za zube"},"content":{"rendered":"<p>Oral-B Kids elektri\u010dna \u010detkica za zube od 3+ godina, preporuka stomatologa. Tijekom nje\u017enog i u\u010dinkovitog \u010di\u0161\u0107enja djecu zabavlja motivima Zale\u0111enog kraljevstva. Za ukra\u0161avanje ru\u010dke u paketu su \u010detiri naljepnice s motivima Snje\u017enog kraljevstva (Frozen).<br \/>\nOva \u010detkica nje\u017eno \u010disti dje\u010dje zube na jedinstven, djeci prilago\u0111en na\u010din njege osjetljivih zuba. Uklanja vi\u0161e naslaga nego obi\u010dna ru\u010dna \u010detkica za zube. Okrugla glava \u010detkice je prave veli\u010dine za mala usta. Iznimno mekana vlakna nje\u017ena su za dje\u010dje desni.<br \/>\nRadi s besplatnom aplikacijom Disney Magic Timer koju je razvio Oral-B. S ugra\u0111enim mjera\u010dem vremena poti\u010de \u010detkanje zuba dvije minute. Tajmer vas upozorava da promijenite polo\u017eaj svakih 30 sekundi. Punjiva baterija traje osam dana kori\u0161tenja.<br \/>\nStomatolozi preporu\u010duju promjenu \u010detkice za zube svaka 3-4 mjeseca. Oral-B dodaci imaju indikator na \u010dekinjama. One napola blijede i time vas upozoravaju da na vrijeme zamijenite nastavak.<\/p>\n","protected":false},"excerpt":{"rendered":"<p>Stomatolozi preporu\u010duju promjenu \u010detkice za zube svaka 3-4 mjeseca<br \/>\nPunjiva baterija traje osam dana kori\u0161tenja<br \/>\nUklanja vi\u0161e naslaga nego obi\u010dna ru\u010dna \u010detkica za zube<\/p>\n","protected":false},"featured_media":0,"template":"","meta":{"_seopress_robots_primary_cat":"","_seopress_titles_title":"","_seopress_titles_desc":"","_seopress_robots_index":"","iawp_total_views":0},"product_brand":[423],"product_cat":[293,192,292],"product_tag":[],"class_list":{"0":"post-41356","1":"product","2":"type-product","3":"status-publish","5":"product_brand-oral-b-2","6":"product_cat-aparati-za-djecu-i-odrasle-292","7":"product_cat-aparati-za-osobnu-njegu","8":"product_cat-oralna-higijena-uredaji-192","10":"first","11":"outofstock","12":"shipping-taxable","13":"purchasable","14":"product-type-simple"},"_links":{"self":[{"href":"https:\/\/singuli.wpress.me\/index.php\/wp-json\/wp\/v2\/product\/41356","targetHints":{"allow":["GET"]}}],"collection":[{"href":"https:\/\/singuli.wpress.me\/index.php\/wp-json\/wp\/v2\/product"}],"about":[{"href":"https:\/\/singuli.wpress.me\/index.php\/wp-json\/wp\/v2\/types\/product"}],"version-history":[{"count":0,"href":"https:\/\/singuli.wpress.me\/index.php\/wp-json\/wp\/v2\/product\/41356\/revisions"}],"wp:attachment":[{"href":"https:\/\/singuli.wpress.me\/index.php\/wp-json\/wp\/v2\/media?parent=41356"}],"wp:term":[{"taxonomy":"product_brand","embeddable":true,"href":"https:\/\/singuli.wpress.me\/index.php\/wp-json\/wp\/v2\/product_brand?post=41356"},{"taxonomy":"product_cat","embeddable":true,"href":"https:\/\/singuli.wpress.me\/index.php\/wp-json\/wp\/v2\/product_cat?post=41356"},{"taxonomy":"product_tag","embeddable":true,"href":"https:\/\/singuli.wpress.me\/index.php\/wp-json\/wp\/v2\/product_tag?post=41356"}],"curies":[{"name":"wp","href":"https:\/\/api.w.org\/{rel}","templated":true}]}}