{"id":41358,"date":"2026-04-19T15:21:16","date_gmt":"2026-04-19T15:21:16","guid":{"rendered":"https:\/\/singuli.wpress.me\/index.php\/proizvod\/bison-neutral-sakupljac-vlage-uredaj-450-g\/"},"modified":"2026-04-20T12:33:37","modified_gmt":"2026-04-20T12:33:37","slug":"bison-neutral-sakupljac-vlage-uredaj-450-g","status":"publish","type":"product","link":"https:\/\/singuli.wpress.me\/index.php\/proizvod\/bison-neutral-sakupljac-vlage-uredaj-450-g\/","title":{"rendered":"BISON Neutral, sakuplja\u010d vlage, ure\u0111aj, 450\u00a0g"},"content":{"rendered":"<p>Za ugodan dom bez prekomjerne vlage. <\/p>\n<p>Suzbija kondenzaciju, ustajale mirise i miris vlage. Sakuplja\u010d vlage je bez mirisa, ne\u010dujan, ne koristi energiju i jednostavno se puni. Sakuplja\u010d vlage smanjuje previsoku razinu relativne vla\u017enosti zraka u svim zatvorenim prostorima s malo ili bez ventilacije. Idealan je za podrum, gara\u017eu, tavan, ormar, kamp ku\u0107icu, brod, \u0161upu itd.<\/p>\n","protected":false},"excerpt":{"rendered":"<p>Prikladno za sve vrste punjenja: tablete, punjenja u vre\u0107ici i slobodni kristali<br \/>\nNe tro\u0161i elektri\u010dnu energiju<br \/>\nSadr\u017ei punjenje u vre\u0107ici<\/p>\n","protected":false},"featured_media":0,"template":"","meta":{"_seopress_robots_primary_cat":"","_seopress_titles_title":"","_seopress_titles_desc":"","_seopress_robots_index":"","iawp_total_views":0},"product_brand":[494],"product_cat":[264,238],"product_tag":[],"class_list":{"0":"post-41358","1":"product","2":"type-product","3":"status-publish","5":"product_brand-bison","6":"product_cat-ljepila-i-brtvila-238","7":"product_cat-sve-za-dom","9":"first","10":"instock","11":"shipping-taxable","12":"purchasable","13":"product-type-simple"},"_links":{"self":[{"href":"https:\/\/singuli.wpress.me\/index.php\/wp-json\/wp\/v2\/product\/41358","targetHints":{"allow":["GET"]}}],"collection":[{"href":"https:\/\/singuli.wpress.me\/index.php\/wp-json\/wp\/v2\/product"}],"about":[{"href":"https:\/\/singuli.wpress.me\/index.php\/wp-json\/wp\/v2\/types\/product"}],"version-history":[{"count":0,"href":"https:\/\/singuli.wpress.me\/index.php\/wp-json\/wp\/v2\/product\/41358\/revisions"}],"wp:attachment":[{"href":"https:\/\/singuli.wpress.me\/index.php\/wp-json\/wp\/v2\/media?parent=41358"}],"wp:term":[{"taxonomy":"product_brand","embeddable":true,"href":"https:\/\/singuli.wpress.me\/index.php\/wp-json\/wp\/v2\/product_brand?post=41358"},{"taxonomy":"product_cat","embeddable":true,"href":"https:\/\/singuli.wpress.me\/index.php\/wp-json\/wp\/v2\/product_cat?post=41358"},{"taxonomy":"product_tag","embeddable":true,"href":"https:\/\/singuli.wpress.me\/index.php\/wp-json\/wp\/v2\/product_tag?post=41358"}],"curies":[{"name":"wp","href":"https:\/\/api.w.org\/{rel}","templated":true}]}}