{"id":41359,"date":"2026-04-19T15:21:17","date_gmt":"2026-04-19T15:21:17","guid":{"rendered":"https:\/\/singuli.wpress.me\/index.php\/proizvod\/make-it-real-juicy-couture-kutijica-iznenadenja\/"},"modified":"2026-04-20T12:33:37","modified_gmt":"2026-04-20T12:33:37","slug":"make-it-real-juicy-couture-kutijica-iznenadenja","status":"publish","type":"product","link":"https:\/\/singuli.wpress.me\/index.php\/proizvod\/make-it-real-juicy-couture-kutijica-iznenadenja\/","title":{"rendered":"MAKE IT REAL Juicy Couture, kutijica iznena\u0111enja"},"content":{"rendered":"<p>Spremna za svoje 3 Juicy Couture narukvice iznena\u0111enja?<\/p>\n<p>Svaka kutijica sadr\u017ei 3 Juicy Couture narukvice iz jednog od ukupno 5 razli\u010ditih setova narukvica<\/p>\n<p>SADR\u017dAJ: 3 narukvice<\/p>\n<p>Ho\u0107e\u0161 li prona\u0107i rijetko kristalno srce?<\/p>\n<p>Dob: 8+ godine<\/p>\n","protected":false},"excerpt":{"rendered":"<p>3 narukvice iznena\u0111enja u setu<br \/>\nPostoji 5 razli\u010ditih setova<br \/>\nDob: 8+god<\/p>\n","protected":false},"featured_media":0,"template":"","meta":{"_seopress_robots_primary_cat":"","_seopress_titles_title":"","_seopress_titles_desc":"","_seopress_robots_index":"","iawp_total_views":0},"product_brand":[441],"product_cat":[221,291],"product_tag":[],"class_list":{"0":"post-41359","1":"product","2":"type-product","3":"status-publish","5":"product_brand-make-it-real","6":"product_cat-igracke","7":"product_cat-igracke-za-djecu-221","9":"first","10":"instock","11":"shipping-taxable","12":"purchasable","13":"product-type-simple"},"_links":{"self":[{"href":"https:\/\/singuli.wpress.me\/index.php\/wp-json\/wp\/v2\/product\/41359","targetHints":{"allow":["GET"]}}],"collection":[{"href":"https:\/\/singuli.wpress.me\/index.php\/wp-json\/wp\/v2\/product"}],"about":[{"href":"https:\/\/singuli.wpress.me\/index.php\/wp-json\/wp\/v2\/types\/product"}],"version-history":[{"count":0,"href":"https:\/\/singuli.wpress.me\/index.php\/wp-json\/wp\/v2\/product\/41359\/revisions"}],"wp:attachment":[{"href":"https:\/\/singuli.wpress.me\/index.php\/wp-json\/wp\/v2\/media?parent=41359"}],"wp:term":[{"taxonomy":"product_brand","embeddable":true,"href":"https:\/\/singuli.wpress.me\/index.php\/wp-json\/wp\/v2\/product_brand?post=41359"},{"taxonomy":"product_cat","embeddable":true,"href":"https:\/\/singuli.wpress.me\/index.php\/wp-json\/wp\/v2\/product_cat?post=41359"},{"taxonomy":"product_tag","embeddable":true,"href":"https:\/\/singuli.wpress.me\/index.php\/wp-json\/wp\/v2\/product_tag?post=41359"}],"curies":[{"name":"wp","href":"https:\/\/api.w.org\/{rel}","templated":true}]}}