{"id":41361,"date":"2026-04-19T15:21:19","date_gmt":"2026-04-19T15:21:19","guid":{"rendered":"https:\/\/singuli.wpress.me\/index.php\/proizvod\/herbal-essences-balzam-za-kosu-potent-aloe-hemp-275-ml\/"},"modified":"2026-04-20T12:33:37","modified_gmt":"2026-04-20T12:33:37","slug":"herbal-essences-balzam-za-kosu-potent-aloe-hemp-275-ml","status":"publish","type":"product","link":"https:\/\/singuli.wpress.me\/index.php\/proizvod\/herbal-essences-balzam-za-kosu-potent-aloe-hemp-275-ml\/","title":{"rendered":"HERBAL ESSENCES, balzam za kosu, Potent Aloe + Hemp, 275\u00a0ml"},"content":{"rendered":"<p>Majka priroda ima svoje tajne, a jedna je od njih aloa vera s nje\u017enim hidratacijskim svojstvima.Herbal Essences sura\u0111uje s Kraljevskim botani\u010dkim vrtovima u Kewu, koji su mu sa svojih 260 godina iskustva pomogli odabrati najmo\u0107niju aloa veru za njegove proizvode. <\/p>\n<p>Balzam Herbal Essences bez sulfata, s mo\u0107nom aloa verom i konopljom, za prekrasno hidratiziranu kosu, kakvu priroda i stvara.<\/p>\n","protected":false},"excerpt":{"rendered":"<p>Aloe vera + konoplja<br \/>\nBogata hidratacija<br \/>\nBez sulfata<\/p>\n","protected":false},"featured_media":0,"template":"","meta":{"_seopress_robots_primary_cat":"","_seopress_titles_title":"","_seopress_titles_desc":"","_seopress_robots_index":"","iawp_total_views":0},"product_brand":[483],"product_cat":[268,300],"product_tag":[],"class_list":{"0":"post-41361","1":"product","2":"type-product","3":"status-publish","5":"product_brand-herbal-essences","6":"product_cat-kozmetika-2","7":"product_cat-njega-kose-268","9":"first","10":"outofstock","11":"shipping-taxable","12":"purchasable","13":"product-type-simple"},"_links":{"self":[{"href":"https:\/\/singuli.wpress.me\/index.php\/wp-json\/wp\/v2\/product\/41361","targetHints":{"allow":["GET"]}}],"collection":[{"href":"https:\/\/singuli.wpress.me\/index.php\/wp-json\/wp\/v2\/product"}],"about":[{"href":"https:\/\/singuli.wpress.me\/index.php\/wp-json\/wp\/v2\/types\/product"}],"version-history":[{"count":0,"href":"https:\/\/singuli.wpress.me\/index.php\/wp-json\/wp\/v2\/product\/41361\/revisions"}],"wp:attachment":[{"href":"https:\/\/singuli.wpress.me\/index.php\/wp-json\/wp\/v2\/media?parent=41361"}],"wp:term":[{"taxonomy":"product_brand","embeddable":true,"href":"https:\/\/singuli.wpress.me\/index.php\/wp-json\/wp\/v2\/product_brand?post=41361"},{"taxonomy":"product_cat","embeddable":true,"href":"https:\/\/singuli.wpress.me\/index.php\/wp-json\/wp\/v2\/product_cat?post=41361"},{"taxonomy":"product_tag","embeddable":true,"href":"https:\/\/singuli.wpress.me\/index.php\/wp-json\/wp\/v2\/product_tag?post=41361"}],"curies":[{"name":"wp","href":"https:\/\/api.w.org\/{rel}","templated":true}]}}