{"id":41369,"date":"2026-04-19T15:21:22","date_gmt":"2026-04-19T15:21:22","guid":{"rendered":"https:\/\/singuli.wpress.me\/index.php\/proizvod\/domo-do8125-tower-samostojeci-ventilator\/"},"modified":"2026-04-20T12:33:37","modified_gmt":"2026-04-20T12:33:37","slug":"domo-do8125-tower-samostojeci-ventilator","status":"publish","type":"product","link":"https:\/\/singuli.wpress.me\/index.php\/proizvod\/domo-do8125-tower-samostojeci-ventilator\/","title":{"rendered":"DOMO DO8125 Tower, samostoje\u0107i ventilator"},"content":{"rendered":"<p>U vru\u0107im ljetnim danima mo\u017eete se rashladiti stoje\u0107im ventilatorom Domo DO8125. Ventilator ima osciliraju\u0107u funkciju koja optimalno raspore\u0111uje strujanje zraka. Ventilator je vertikalnog dizajna koji lako stane u kut prostorije i zauzima malo prostora. S tri postavke brzine, va\u0161a je soba trenuta\u010dno hladna. Razina buke ovog ventilatora je 55 decibela, ovisno o postavci koju ste odabrali. Ventilator je opremljen timerom.<\/p>\n","protected":false},"excerpt":{"rendered":"<p>Ventilator ima osciliraju\u0107u funkciju koja optimalno raspore\u0111uje protok zraka<br \/>\nIzbor od 3 brzine rada<br \/>\nOpremljen timerom<\/p>\n","protected":false},"featured_media":0,"template":"","meta":{"_seopress_robots_primary_cat":"","_seopress_titles_title":"","_seopress_titles_desc":"","_seopress_robots_index":"","iawp_total_views":0},"product_brand":[255],"product_cat":[184,160],"product_tag":[],"class_list":{"0":"post-41369","1":"product","2":"type-product","3":"status-publish","5":"product_brand-domo","6":"product_cat-kvaliteta-zraka-i-grijanje","7":"product_cat-mali-kucanski-aparati","9":"first","10":"outofstock","11":"shipping-taxable","12":"purchasable","13":"product-type-simple"},"_links":{"self":[{"href":"https:\/\/singuli.wpress.me\/index.php\/wp-json\/wp\/v2\/product\/41369","targetHints":{"allow":["GET"]}}],"collection":[{"href":"https:\/\/singuli.wpress.me\/index.php\/wp-json\/wp\/v2\/product"}],"about":[{"href":"https:\/\/singuli.wpress.me\/index.php\/wp-json\/wp\/v2\/types\/product"}],"version-history":[{"count":0,"href":"https:\/\/singuli.wpress.me\/index.php\/wp-json\/wp\/v2\/product\/41369\/revisions"}],"wp:attachment":[{"href":"https:\/\/singuli.wpress.me\/index.php\/wp-json\/wp\/v2\/media?parent=41369"}],"wp:term":[{"taxonomy":"product_brand","embeddable":true,"href":"https:\/\/singuli.wpress.me\/index.php\/wp-json\/wp\/v2\/product_brand?post=41369"},{"taxonomy":"product_cat","embeddable":true,"href":"https:\/\/singuli.wpress.me\/index.php\/wp-json\/wp\/v2\/product_cat?post=41369"},{"taxonomy":"product_tag","embeddable":true,"href":"https:\/\/singuli.wpress.me\/index.php\/wp-json\/wp\/v2\/product_tag?post=41369"}],"curies":[{"name":"wp","href":"https:\/\/api.w.org\/{rel}","templated":true}]}}