{"id":41379,"date":"2026-04-19T15:21:25","date_gmt":"2026-04-19T15:21:25","guid":{"rendered":"https:\/\/singuli.wpress.me\/index.php\/proizvod\/bison-ljepilo-55-ml\/"},"modified":"2026-04-21T00:27:09","modified_gmt":"2026-04-21T00:27:09","slug":"bison-ljepilo-55-ml","status":"publish","type":"product","link":"https:\/\/singuli.wpress.me\/index.php\/proizvod\/bison-ljepilo-55-ml\/","title":{"rendered":"BISON, ljepilo, 55\u00a0ml"},"content":{"rendered":"<p>Iznimno sna\u017eno, teku\u0107e, univerzalno kontaktno ljepilo.<\/p>\n<p>Idealno za povr\u0161insko lijepljenje ili laminiranje mnogih materijala koji zahtijevaju trenuta\u010dno lijepljenje, optere\u0107enje ili obradu. Lijepi drvo, dasku, furnir, plasti\u010dne i metalne panelne plo\u010de (HPL, Formica\u00ae, na primjer), (pjenastu) gumu, ko\u017eu, pluto, platno, linoleum i polietersku pjenu (zvu\u010dna izolacija), izme\u0111u ostalog, i za sebe kao i na mnogim drugim povr\u0161inama. Tako\u0111er za popravak cipela, torbi, igra\u010daka i tepiha ili za obavljanje (hobi) rukotvorina.<\/p>\n<p>Nije prikladno za polistirensku pjenu (Tempex\u00ae), PE, PP, PTFE i vinil.<\/p>\n","protected":false},"excerpt":{"rendered":"<p>Univerzalno kontaktno ljepilo<br \/>\nOtporan na vlagu i mraz<br \/>\nJednostavan za kori\u0161tenje<\/p>\n","protected":false},"featured_media":0,"template":"","meta":{"_seopress_robots_primary_cat":"","_seopress_titles_title":"","_seopress_titles_desc":"","_seopress_robots_index":"","iawp_total_views":0},"product_brand":[494],"product_cat":[264,238],"product_tag":[],"class_list":{"0":"post-41379","1":"product","2":"type-product","3":"status-publish","5":"product_brand-bison","6":"product_cat-ljepila-i-brtvila-238","7":"product_cat-sve-za-dom","9":"first","10":"instock","11":"shipping-taxable","12":"purchasable","13":"product-type-simple"},"_links":{"self":[{"href":"https:\/\/singuli.wpress.me\/index.php\/wp-json\/wp\/v2\/product\/41379","targetHints":{"allow":["GET"]}}],"collection":[{"href":"https:\/\/singuli.wpress.me\/index.php\/wp-json\/wp\/v2\/product"}],"about":[{"href":"https:\/\/singuli.wpress.me\/index.php\/wp-json\/wp\/v2\/types\/product"}],"version-history":[{"count":0,"href":"https:\/\/singuli.wpress.me\/index.php\/wp-json\/wp\/v2\/product\/41379\/revisions"}],"wp:attachment":[{"href":"https:\/\/singuli.wpress.me\/index.php\/wp-json\/wp\/v2\/media?parent=41379"}],"wp:term":[{"taxonomy":"product_brand","embeddable":true,"href":"https:\/\/singuli.wpress.me\/index.php\/wp-json\/wp\/v2\/product_brand?post=41379"},{"taxonomy":"product_cat","embeddable":true,"href":"https:\/\/singuli.wpress.me\/index.php\/wp-json\/wp\/v2\/product_cat?post=41379"},{"taxonomy":"product_tag","embeddable":true,"href":"https:\/\/singuli.wpress.me\/index.php\/wp-json\/wp\/v2\/product_tag?post=41379"}],"curies":[{"name":"wp","href":"https:\/\/api.w.org\/{rel}","templated":true}]}}