{"id":41380,"date":"2026-04-19T15:21:25","date_gmt":"2026-04-19T15:21:25","guid":{"rendered":"https:\/\/singuli.wpress.me\/index.php\/proizvod\/barbie-lutka-s-plaze\/"},"modified":"2026-04-20T12:33:37","modified_gmt":"2026-04-20T12:33:37","slug":"barbie-lutka-s-plaze","status":"publish","type":"product","link":"https:\/\/singuli.wpress.me\/index.php\/proizvod\/barbie-lutka-s-plaze\/","title":{"rendered":"BARBIE, lutka, s pla\u017ee"},"content":{"rendered":"<p>Barbie i njezini prijatelji spremni su za u\u017eivanje u suncu.<\/p>\n<p>Bez obzira da li u\u017eivaju uz bazen ili na moru, lutke izgledaju predivno u jednodjelnim kupa\u0107im kostimima.<\/p>\n<p>Lutka ne mo\u017ee samostalno stajati.<\/p>\n<p>Boje i dekoracije mogu se razlikovati.<\/p>\n<p>Lutka ne mo\u017ee samostalno stajati.<\/p>\n<p><span style=\"font-weight: bold\">Igra\u010dka dolazi u vi\u0161e razli\u010ditih modela, a isporuka ovisi o njihovoj trenutnoj raspolo\u017eivosti. <\/span><\/p>\n","protected":false},"excerpt":{"rendered":"<p>Lutka s pla\u017ee<br \/>\nBoje i dekoracije se mogu razlikovati<br \/>\nDob: 3+god<\/p>\n","protected":false},"featured_media":0,"template":"","meta":{"_seopress_robots_primary_cat":"","_seopress_titles_title":"","_seopress_titles_desc":"","_seopress_robots_index":"","iawp_total_views":0},"product_brand":[324],"product_cat":[221,291],"product_tag":[],"class_list":{"0":"post-41380","1":"product","2":"type-product","3":"status-publish","5":"product_brand-barbie","6":"product_cat-igracke","7":"product_cat-igracke-za-djecu-221","9":"first","10":"instock","11":"shipping-taxable","12":"purchasable","13":"product-type-simple"},"_links":{"self":[{"href":"https:\/\/singuli.wpress.me\/index.php\/wp-json\/wp\/v2\/product\/41380","targetHints":{"allow":["GET"]}}],"collection":[{"href":"https:\/\/singuli.wpress.me\/index.php\/wp-json\/wp\/v2\/product"}],"about":[{"href":"https:\/\/singuli.wpress.me\/index.php\/wp-json\/wp\/v2\/types\/product"}],"version-history":[{"count":0,"href":"https:\/\/singuli.wpress.me\/index.php\/wp-json\/wp\/v2\/product\/41380\/revisions"}],"wp:attachment":[{"href":"https:\/\/singuli.wpress.me\/index.php\/wp-json\/wp\/v2\/media?parent=41380"}],"wp:term":[{"taxonomy":"product_brand","embeddable":true,"href":"https:\/\/singuli.wpress.me\/index.php\/wp-json\/wp\/v2\/product_brand?post=41380"},{"taxonomy":"product_cat","embeddable":true,"href":"https:\/\/singuli.wpress.me\/index.php\/wp-json\/wp\/v2\/product_cat?post=41380"},{"taxonomy":"product_tag","embeddable":true,"href":"https:\/\/singuli.wpress.me\/index.php\/wp-json\/wp\/v2\/product_tag?post=41380"}],"curies":[{"name":"wp","href":"https:\/\/api.w.org\/{rel}","templated":true}]}}