{"id":41387,"date":"2026-04-19T15:21:27","date_gmt":"2026-04-19T15:21:27","guid":{"rendered":"https:\/\/singuli.wpress.me\/index.php\/proizvod\/twistshake-tour-obloga-za-kolica-stitnik-za-noge-bez\/"},"modified":"2026-04-20T12:33:37","modified_gmt":"2026-04-20T12:33:37","slug":"twistshake-tour-obloga-za-kolica-stitnik-za-noge-bez","status":"publish","type":"product","link":"https:\/\/singuli.wpress.me\/index.php\/proizvod\/twistshake-tour-obloga-za-kolica-stitnik-za-noge-bez\/","title":{"rendered":"TWISTSHAKE Tour, obloga za kolica + \u0161titnik za noge, be\u017e"},"content":{"rendered":"<p>Twistshake obloga za kolica i \u0161titnik za noge dva su lijepo dizajnirana dodatka za Twistshake tour kolica koja su pa\u017eljivo izra\u0111ena kako bi pru\u017eila za\u0161titu va\u0161oj bebi prilikom vo\u017enje u kolicima. Izvrstan su dodatak asortimanu kolica Twistshake Tour. Dodatci dolaze zajedno u setu ali se ne moraju zajedno i koristiti, ovisno o vremenskim prilikama mo\u017eete odabrati oba ili odabrati samo jedan.<\/p>\n","protected":false},"excerpt":{"rendered":"<p>Prikladni za kori\u0161tenje od 0+ m<br \/>\nIzra\u0111eni su do 100% izdr\u017eljivog vodootpornog poliestera<br \/>\nMogu se prati u perilici za rublje<\/p>\n","protected":false},"featured_media":0,"template":"","meta":{"_seopress_robots_primary_cat":"","_seopress_titles_title":"","_seopress_titles_desc":"","_seopress_robots_index":"","iawp_total_views":0},"product_brand":[433],"product_cat":[211,286,287],"product_tag":[],"class_list":{"0":"post-41387","1":"product","2":"type-product","3":"status-publish","5":"product_brand-twistshake","6":"product_cat-njega-majke-i-djeteta","7":"product_cat-oprema-za-bebe-211","8":"product_cat-za-bebe-286","10":"first","11":"instock","12":"shipping-taxable","13":"purchasable","14":"product-type-simple"},"_links":{"self":[{"href":"https:\/\/singuli.wpress.me\/index.php\/wp-json\/wp\/v2\/product\/41387","targetHints":{"allow":["GET"]}}],"collection":[{"href":"https:\/\/singuli.wpress.me\/index.php\/wp-json\/wp\/v2\/product"}],"about":[{"href":"https:\/\/singuli.wpress.me\/index.php\/wp-json\/wp\/v2\/types\/product"}],"version-history":[{"count":0,"href":"https:\/\/singuli.wpress.me\/index.php\/wp-json\/wp\/v2\/product\/41387\/revisions"}],"wp:attachment":[{"href":"https:\/\/singuli.wpress.me\/index.php\/wp-json\/wp\/v2\/media?parent=41387"}],"wp:term":[{"taxonomy":"product_brand","embeddable":true,"href":"https:\/\/singuli.wpress.me\/index.php\/wp-json\/wp\/v2\/product_brand?post=41387"},{"taxonomy":"product_cat","embeddable":true,"href":"https:\/\/singuli.wpress.me\/index.php\/wp-json\/wp\/v2\/product_cat?post=41387"},{"taxonomy":"product_tag","embeddable":true,"href":"https:\/\/singuli.wpress.me\/index.php\/wp-json\/wp\/v2\/product_tag?post=41387"}],"curies":[{"name":"wp","href":"https:\/\/api.w.org\/{rel}","templated":true}]}}