{"id":41388,"date":"2026-04-19T15:21:27","date_gmt":"2026-04-19T15:21:27","guid":{"rendered":"https:\/\/singuli.wpress.me\/index.php\/proizvod\/bissell-vacsteam-zamjenske-krpe\/"},"modified":"2026-04-21T00:27:09","modified_gmt":"2026-04-21T00:27:09","slug":"bissell-vacsteam-zamjenske-krpe","status":"publish","type":"product","link":"https:\/\/singuli.wpress.me\/index.php\/proizvod\/bissell-vacsteam-zamjenske-krpe\/","title":{"rendered":"BISSELL Vac&amp;Steam, zamjenske krpe"},"content":{"rendered":"<p>Ovaj paket uklju\u010duje dvije krpe od mikrofibre, jednu meku za svakodnevno \u010di\u0161\u0107enje i jednu za uklanjanje najtvr\u0111e prljav\u0161tine. Jastu\u010di\u0107i Vac &amp; Steam Mop koriste vam kao zamjena kad je original u pranju. Jastu\u010di\u0107i se lako pri\u010dvr\u0161\u0107uju i uklanjaju.<\/p>\n","protected":false},"excerpt":{"rendered":"<p>Mekana krpa idealna je za svakodnevno \u010di\u0161\u0107enje<br \/>\nJastu\u010di\u0107 za ribanje je najbolji za \u010di\u0161\u0107enje ja\u010de prljav\u0161tine<br \/>\nU pakiranju se nalaze dvije jastu\u010di\u0107e od mikrovlakana<\/p>\n","protected":false},"featured_media":0,"template":"","meta":{"_seopress_robots_primary_cat":"","_seopress_titles_title":"","_seopress_titles_desc":"","_seopress_robots_index":"","iawp_total_views":0},"product_brand":[819],"product_cat":[160,271],"product_tag":[],"class_list":{"0":"post-41388","1":"product","2":"type-product","3":"status-publish","5":"product_brand-bissell","6":"product_cat-mali-kucanski-aparati","7":"product_cat-usisavaci-i-ciscenje-160","9":"first","10":"outofstock","11":"shipping-taxable","12":"purchasable","13":"product-type-simple"},"_links":{"self":[{"href":"https:\/\/singuli.wpress.me\/index.php\/wp-json\/wp\/v2\/product\/41388","targetHints":{"allow":["GET"]}}],"collection":[{"href":"https:\/\/singuli.wpress.me\/index.php\/wp-json\/wp\/v2\/product"}],"about":[{"href":"https:\/\/singuli.wpress.me\/index.php\/wp-json\/wp\/v2\/types\/product"}],"version-history":[{"count":0,"href":"https:\/\/singuli.wpress.me\/index.php\/wp-json\/wp\/v2\/product\/41388\/revisions"}],"wp:attachment":[{"href":"https:\/\/singuli.wpress.me\/index.php\/wp-json\/wp\/v2\/media?parent=41388"}],"wp:term":[{"taxonomy":"product_brand","embeddable":true,"href":"https:\/\/singuli.wpress.me\/index.php\/wp-json\/wp\/v2\/product_brand?post=41388"},{"taxonomy":"product_cat","embeddable":true,"href":"https:\/\/singuli.wpress.me\/index.php\/wp-json\/wp\/v2\/product_cat?post=41388"},{"taxonomy":"product_tag","embeddable":true,"href":"https:\/\/singuli.wpress.me\/index.php\/wp-json\/wp\/v2\/product_tag?post=41388"}],"curies":[{"name":"wp","href":"https:\/\/api.w.org\/{rel}","templated":true}]}}