{"id":41393,"date":"2026-04-19T15:21:29","date_gmt":"2026-04-19T15:21:29","guid":{"rendered":"https:\/\/singuli.wpress.me\/index.php\/proizvod\/old-spice-red-knight-poklon-paket\/"},"modified":"2026-04-21T00:27:09","modified_gmt":"2026-04-21T00:27:09","slug":"old-spice-red-knight-poklon-paket","status":"publish","type":"product","link":"https:\/\/singuli.wpress.me\/index.php\/proizvod\/old-spice-red-knight-poklon-paket\/","title":{"rendered":"OLD SPICE Red Knight, poklon paket"},"content":{"rendered":"<p><span style=\"font-weight: bold\">Poklon paket sadr\u017ei dezodorans u spreju 200ml, dezodorans u sticku 65ml te igra\u0107e karte.<\/span><\/p>\n<p>Tvoj dezodorans je tvoj novi parfem! S Red Knight deo stikom dobiva\u0161 Old Spice najsvje\u017eiji dezodorans s vrhunskim mirisom! Formula dezodoransa Red Knight sadr\u017ei svje\u017ee note ko\u017ee i za\u010dina za moderan i mu\u017eevan miris. Vrhunski miris Old Spice Red Knight u\u010dinit \u0107e te nezaboravnim, bit \u0107e\u0161 doslovno sredi\u0161te svemira, a ne\u0107e ostaviti \u017eute mrlje ni bijele tragove na odje\u0107i.<\/p>\n","protected":false},"excerpt":{"rendered":"<p>Poklon paket sadr\u017ei dezodorans u spreju 200ml, dezodorans u sticku 65ml te igra\u0107e karte<br \/>\nNeodoljivi mu\u0161ki miris<br \/>\nRed Knight sadr\u017ei svje\u017ee note ko\u017ee i za\u010dina<\/p>\n","protected":false},"featured_media":0,"template":"","meta":{"_seopress_robots_primary_cat":"","_seopress_titles_title":"","_seopress_titles_desc":"","_seopress_robots_index":"","iawp_total_views":0},"product_brand":[448],"product_cat":[261,277],"product_tag":[],"class_list":{"0":"post-41393","1":"product","2":"type-product","3":"status-publish","5":"product_brand-old-spice","6":"product_cat-hrana-i-pice","7":"product_cat-slatkisi-i-grickalice-261","9":"first","10":"outofstock","11":"shipping-taxable","12":"purchasable","13":"product-type-simple"},"_links":{"self":[{"href":"https:\/\/singuli.wpress.me\/index.php\/wp-json\/wp\/v2\/product\/41393","targetHints":{"allow":["GET"]}}],"collection":[{"href":"https:\/\/singuli.wpress.me\/index.php\/wp-json\/wp\/v2\/product"}],"about":[{"href":"https:\/\/singuli.wpress.me\/index.php\/wp-json\/wp\/v2\/types\/product"}],"version-history":[{"count":0,"href":"https:\/\/singuli.wpress.me\/index.php\/wp-json\/wp\/v2\/product\/41393\/revisions"}],"wp:attachment":[{"href":"https:\/\/singuli.wpress.me\/index.php\/wp-json\/wp\/v2\/media?parent=41393"}],"wp:term":[{"taxonomy":"product_brand","embeddable":true,"href":"https:\/\/singuli.wpress.me\/index.php\/wp-json\/wp\/v2\/product_brand?post=41393"},{"taxonomy":"product_cat","embeddable":true,"href":"https:\/\/singuli.wpress.me\/index.php\/wp-json\/wp\/v2\/product_cat?post=41393"},{"taxonomy":"product_tag","embeddable":true,"href":"https:\/\/singuli.wpress.me\/index.php\/wp-json\/wp\/v2\/product_tag?post=41393"}],"curies":[{"name":"wp","href":"https:\/\/api.w.org\/{rel}","templated":true}]}}