{"id":41397,"date":"2026-04-19T15:21:31","date_gmt":"2026-04-19T15:21:31","guid":{"rendered":"https:\/\/singuli.wpress.me\/index.php\/proizvod\/off-losion-protiv-uboda-komaraca-i-krpelja-duopack-2x100ml\/"},"modified":"2026-04-20T12:33:37","modified_gmt":"2026-04-20T12:33:37","slug":"off-losion-protiv-uboda-komaraca-i-krpelja-duopack-2x100ml","status":"publish","type":"product","link":"https:\/\/singuli.wpress.me\/index.php\/proizvod\/off-losion-protiv-uboda-komaraca-i-krpelja-duopack-2x100ml\/","title":{"rendered":"OFF!, losion protiv uboda komaraca i krpelja, duopack, 2x100ml"},"content":{"rendered":"<p><span style=\"font-weight: bold\">OFF!\u00ae Losion je repelentsko sredstv<\/span>o ugodnog mirisa za u\u010dinkovitu za\u0161titu ko\u017ee djece i odraslih od uboda komaraca krpelja i ostalih insekata. Pru\u017ea trenutnu za\u0161titu od komaraca do 2 sata nakon nano\u0161enja. Pru\u017ea za\u0161titu od krpelja do 3 sata nakon nano\u0161enja.<\/p>\n<p><span style=\"font-weight: bold\">Upute za upotrebu:<\/span><br \/>\nKoriste\u0107i pumpicu nanesite teku\u0107inu na izlo\u017eenu ko\u017eu te rukama razma\u017eite jednakomjerno i to na sljede\u0107e dijelove izlo\u017eene ko\u017ee:<br \/>\nOdrasli: 5 pritisaka na svaku ruku, 7 pritisaka na lice, 5 pritisaka na vrat, 4 pritiska na svaki od gornjih dijelova stopala i 12 pritiska na svaku potkoljenicu.<br \/>\nDjeca starija od 2 godine: 3 pritiska na lice, 3 pritiska na vrat, 2 pritiska na svaki od gornjih dijelova stopala te 3 pritiska na svaku podlakticu.<br \/>\nDoza primjene: 1 g proizvoda na 645 cm2 ko\u017ee (0.11 mg DEET\/cm2).<br \/>\nZa lice: raspr\u0161ite sredstvo na dlan i tanko prema\u017eite lice izbjegavaju\u0107i o\u010di i usta.<\/p>\n<p><span style=\"font-weight: bold\">Sigurnosno upozorenje:<\/span><br \/>\nNe stavljati na obrijanu ko\u017eu ili rane. Ne koristiti za djecu mla\u0111u od 2 godine. Ne primjenjujte na dlanove djece mla\u0111e od 12 godina. Ne koristiti ispod odje\u0107e. Ne udisati pare. Preporu\u010deno je prekriti netretirane dijelove ko\u017ee odje\u0107om kako bi se ograni\u010dilo podru\u010dje mogu\u0107ih ugriza insekata<br \/>\nOprez! Ne primjenjujte vi\u0161e od 3 puta u 24 sata za odrasle niti za djecu stariju od 12 godina. Za djecu mla\u0111u od 12 godina ne primjenjujte vi\u0161e od 2 puta dnevno. Izbjegavati kontakt s o\u010dima. Nakon povratka u zatvoreni prostor operite tretiranu ko\u017eu sapunom i vodom.<\/p>\n","protected":false},"excerpt":{"rendered":"<p>Pru\u017ea za\u0161titu od komaraca do 2 sata<br \/>\nPru\u017ea za\u0161titu od krpelja do 3 sata<br \/>\nPogodno za djecu iznad 2 godine<\/p>\n","protected":false},"featured_media":0,"template":"","meta":{"_seopress_robots_primary_cat":"","_seopress_titles_title":"","_seopress_titles_desc":"","_seopress_robots_index":"","iawp_total_views":0},"product_brand":[437],"product_cat":[268,278],"product_tag":[],"class_list":{"0":"post-41397","1":"product","2":"type-product","3":"status-publish","5":"product_brand-off","6":"product_cat-kozmetika-2","7":"product_cat-njega-tijela-268","9":"first","10":"outofstock","11":"shipping-taxable","12":"purchasable","13":"product-type-simple"},"_links":{"self":[{"href":"https:\/\/singuli.wpress.me\/index.php\/wp-json\/wp\/v2\/product\/41397","targetHints":{"allow":["GET"]}}],"collection":[{"href":"https:\/\/singuli.wpress.me\/index.php\/wp-json\/wp\/v2\/product"}],"about":[{"href":"https:\/\/singuli.wpress.me\/index.php\/wp-json\/wp\/v2\/types\/product"}],"version-history":[{"count":0,"href":"https:\/\/singuli.wpress.me\/index.php\/wp-json\/wp\/v2\/product\/41397\/revisions"}],"wp:attachment":[{"href":"https:\/\/singuli.wpress.me\/index.php\/wp-json\/wp\/v2\/media?parent=41397"}],"wp:term":[{"taxonomy":"product_brand","embeddable":true,"href":"https:\/\/singuli.wpress.me\/index.php\/wp-json\/wp\/v2\/product_brand?post=41397"},{"taxonomy":"product_cat","embeddable":true,"href":"https:\/\/singuli.wpress.me\/index.php\/wp-json\/wp\/v2\/product_cat?post=41397"},{"taxonomy":"product_tag","embeddable":true,"href":"https:\/\/singuli.wpress.me\/index.php\/wp-json\/wp\/v2\/product_tag?post=41397"}],"curies":[{"name":"wp","href":"https:\/\/api.w.org\/{rel}","templated":true}]}}