{"id":41400,"date":"2026-04-19T15:21:32","date_gmt":"2026-04-19T15:21:32","guid":{"rendered":"https:\/\/singuli.wpress.me\/index.php\/proizvod\/lasko-zlatorog-svijetlo-pivo-0-5-l-2\/"},"modified":"2026-04-20T12:33:37","modified_gmt":"2026-04-20T12:33:37","slug":"lasko-zlatorog-svijetlo-pivo-0-5-l-2","status":"publish","type":"product","link":"https:\/\/singuli.wpress.me\/index.php\/proizvod\/lasko-zlatorog-svijetlo-pivo-0-5-l-2\/","title":{"rendered":"LA\u0160KO Zlatorog Svijetlo, pivo, 0.5\u00a0l"},"content":{"rendered":"<p>Specifi\u010dan okus koji godinama ostaje isti zahvaljuju\u0107i na\u0161oj nepromijenjenoj recepturi. Pun ponosa!<\/p>\n<p>Zlatorog je svijetli lager specifi\u010dnog okusa, bogate glave i karakteristi\u010dne izrazite gor\u010dine postignute kori\u0161tenjem svjetski poznatih slovenskih sorti hmelja. Uklju\u010duju\u0107i najfinije sastojke i najnovija tehnolo\u0161ka dostignu\u0107a te kuhano po na\u0161oj tradicionalnoj formuli koja je ostala nepromijenjena desetlje\u0107ima, s ponosom mo\u017eemo re\u0107i da je Zlatorog pivo u kojem su u\u017eivali ve\u0107 na\u0161i djedovi i bake. Radi se o najprodavanijem La\u0161kom pivu \u0161to govori kako se lijepo spu\u0161ta u lonac.<\/p>\n<p>U odabranim barovima diljem Slovenije mo\u017eete se prepustiti i krigli to\u010denog piva La\u0161ko Zlatorog koje zadovoljava sva osjetila i pru\u017ea savr\u0161en u\u017eitak.<\/p>\n","protected":false},"excerpt":{"rendered":"<p>Svijetlo lager pivo<br \/>\nAlkohol: 4,9% vol.<br \/>\n\u010cuvati odvojeno od izvora topline i izravnog utjecaja sun\u010deve svjetlosti<\/p>\n","protected":false},"featured_media":0,"template":"","meta":{"_seopress_robots_primary_cat":"","_seopress_titles_title":"","_seopress_titles_desc":"","_seopress_robots_index":"","iawp_total_views":0},"product_brand":[809],"product_cat":[243,276],"product_tag":[],"class_list":{"0":"post-41400","1":"product","2":"type-product","3":"status-publish","5":"product_brand-lasko","6":"product_cat-automobili-i-motori","7":"product_cat-industrijska-i-specijalna-ulja-243","9":"first","10":"instock","11":"shipping-taxable","12":"purchasable","13":"product-type-simple"},"_links":{"self":[{"href":"https:\/\/singuli.wpress.me\/index.php\/wp-json\/wp\/v2\/product\/41400","targetHints":{"allow":["GET"]}}],"collection":[{"href":"https:\/\/singuli.wpress.me\/index.php\/wp-json\/wp\/v2\/product"}],"about":[{"href":"https:\/\/singuli.wpress.me\/index.php\/wp-json\/wp\/v2\/types\/product"}],"version-history":[{"count":0,"href":"https:\/\/singuli.wpress.me\/index.php\/wp-json\/wp\/v2\/product\/41400\/revisions"}],"wp:attachment":[{"href":"https:\/\/singuli.wpress.me\/index.php\/wp-json\/wp\/v2\/media?parent=41400"}],"wp:term":[{"taxonomy":"product_brand","embeddable":true,"href":"https:\/\/singuli.wpress.me\/index.php\/wp-json\/wp\/v2\/product_brand?post=41400"},{"taxonomy":"product_cat","embeddable":true,"href":"https:\/\/singuli.wpress.me\/index.php\/wp-json\/wp\/v2\/product_cat?post=41400"},{"taxonomy":"product_tag","embeddable":true,"href":"https:\/\/singuli.wpress.me\/index.php\/wp-json\/wp\/v2\/product_tag?post=41400"}],"curies":[{"name":"wp","href":"https:\/\/api.w.org\/{rel}","templated":true}]}}