{"id":41404,"date":"2026-04-19T15:21:33","date_gmt":"2026-04-19T15:21:33","guid":{"rendered":"https:\/\/singuli.wpress.me\/index.php\/proizvod\/twistshake-podbradak-s-rukavima-kokos\/"},"modified":"2026-04-21T00:27:09","modified_gmt":"2026-04-21T00:27:09","slug":"twistshake-podbradak-s-rukavima-kokos","status":"publish","type":"product","link":"https:\/\/singuli.wpress.me\/index.php\/proizvod\/twistshake-podbradak-s-rukavima-kokos\/","title":{"rendered":"TWISTSHAKE, podbradak s rukavima, kokos"},"content":{"rendered":"<p>Twistshakes podbradak najbolji je va\u0161 prijatelj za dojen\u010dad i malu djecu.<\/p>\n<p>Dizajn s dugim rukavima pru\u017ea za\u0161titu tijekom neurednih jela!<\/p>\n<p>Mekani podbradak obi\u010dno dobije visoke ocjene roditelja i mo\u017ee se upotrebljavati povremeno kada va\u0161e dijete sjedi uspravno ali i od trenutka kada va\u0161e dijete usvoji vje\u0161tinu samostalnog hranjenja.<\/p>\n<p>Ne sadr\u017ee PVC i njima se ne prouzrokuje \u0161teta okoli\u0161u.<\/p>\n<p>Mekani i udobni podbradak zna\u010dajno prekriva ramena i prsa dok veliki d\u017eep na prednjoj strani slu\u017ei za smanjivanje nereda tijekom jela.<\/p>\n<p>Izra\u0111en od poliestera i ima oznaku CE te je u skladu s normom EN 71 radi jam\u010denja sigurnosti va\u0161oj bebi.<\/p>\n","protected":false},"excerpt":{"rendered":"<p>Za\u0161tita od neurednog jela<br \/>\nMekani i udoban podbrdak pokriva ramena i prsa<br \/>\nNe sadr\u017ee PVC i njima se ne prouzrokuje \u0161teta okoli\u0161u<\/p>\n","protected":false},"featured_media":0,"template":"","meta":{"_seopress_robots_primary_cat":"","_seopress_titles_title":"","_seopress_titles_desc":"","_seopress_robots_index":"","iawp_total_views":0},"product_brand":[433],"product_cat":[274,238],"product_tag":[],"class_list":{"0":"post-41404","1":"product","2":"type-product","3":"status-publish","5":"product_brand-twistshake","6":"product_cat-kucanski-pribor-238","7":"product_cat-sve-za-dom","9":"first","10":"instock","11":"shipping-taxable","12":"purchasable","13":"product-type-simple"},"_links":{"self":[{"href":"https:\/\/singuli.wpress.me\/index.php\/wp-json\/wp\/v2\/product\/41404","targetHints":{"allow":["GET"]}}],"collection":[{"href":"https:\/\/singuli.wpress.me\/index.php\/wp-json\/wp\/v2\/product"}],"about":[{"href":"https:\/\/singuli.wpress.me\/index.php\/wp-json\/wp\/v2\/types\/product"}],"version-history":[{"count":0,"href":"https:\/\/singuli.wpress.me\/index.php\/wp-json\/wp\/v2\/product\/41404\/revisions"}],"wp:attachment":[{"href":"https:\/\/singuli.wpress.me\/index.php\/wp-json\/wp\/v2\/media?parent=41404"}],"wp:term":[{"taxonomy":"product_brand","embeddable":true,"href":"https:\/\/singuli.wpress.me\/index.php\/wp-json\/wp\/v2\/product_brand?post=41404"},{"taxonomy":"product_cat","embeddable":true,"href":"https:\/\/singuli.wpress.me\/index.php\/wp-json\/wp\/v2\/product_cat?post=41404"},{"taxonomy":"product_tag","embeddable":true,"href":"https:\/\/singuli.wpress.me\/index.php\/wp-json\/wp\/v2\/product_tag?post=41404"}],"curies":[{"name":"wp","href":"https:\/\/api.w.org\/{rel}","templated":true}]}}