{"id":41406,"date":"2026-04-19T15:21:33","date_gmt":"2026-04-19T15:21:33","guid":{"rendered":"https:\/\/singuli.wpress.me\/index.php\/proizvod\/medex-smrekini-vrsci-sirup-150-ml\/"},"modified":"2026-04-21T00:27:09","modified_gmt":"2026-04-21T00:27:09","slug":"medex-smrekini-vrsci-sirup-150-ml","status":"publish","type":"product","link":"https:\/\/singuli.wpress.me\/index.php\/proizvod\/medex-smrekini-vrsci-sirup-150-ml\/","title":{"rendered":"MEDEX Smrekini vr\u0161ci, sirup, 150\u00a0ml"},"content":{"rendered":"<p>Sje\u0107ate li se tegli napunjenih mladim izdancima smrekinih vr\u0161aka, posutih \u0161e\u0107erom, koje su na sunce stavljale na\u0161e bake?   Sirup Smrekini vr\u0161ci \u010duva osnovni narodni recept, a \u0161e\u0107er u njemu zamijenili smo medom. Osim medene osnove sirup sadr\u017ei jo\u0161 vi\u0161e vitamina A, koji pridonosi o\u010duvanju zdravih sluznica, te vitamin C koji doprinosi  normalnoj funkciji imunolo\u0161kog sustava. Svi sastojci su spojeni u ukusan proizvod, u kojem su smrekini vr\u0161ci bez ina\u010de tipi\u010dnog gorkog, smolastog i o\u0161trog okusa. Sirup Smrekini vr\u0161ci primjeren je i za odrasle i za djecu. Preporu\u010dujemo uzimanje tijekom dana.<\/p>\n<p>Med<br \/>\nMed je prirodni slatki dar koji p\u010dele izra\u0111uju od cvjetnog nektara (nektarni med) ili od izlu\u010devina kukaca, koje kao ljepljiva teku\u0107ina ostaju na stablima (medna rosa ili medljikovac). Nektarni medovi su cvjetni, bagrem, kesten, lipa i uljana repica, a me\u0111u medljikovce spadaju \u0161umski, jela, javor, hrast i smreka. P\u010dele prera\u0111uju nektar ili mednu rosu, oplemenjuju je izlu\u010devinama svojih \u017elijezda, a zatim je deponiraju u sa\u0107e i ostave da sazri. Med predstavlja zalihu sun\u010deve energije i gorivo \u017eivota u p\u010delinjoj ko\u0161nici. Sadr\u017ei dragocjene hranjive tvari te tako predstavlja bogat nutrijent.<\/p>\n<p>Vitamini<br \/>\nVitamin A i vitamin C doprinose normalnoj funkciji imunolo\u0161kog sustava.<\/p>\n<p>Vitamin A doprinosi odr\u017eavanju normalnih sluznica.<\/p>\n<p>Zbog meda mo\u017eete i ve\u0107 otvoren proizvod koristiti do roka, navedenog na ambala\u017ei, te da \u010duvati pri sobnoj temperaturi.<\/p>\n<p><span style=\"font-weight: bold\">Na\u010din primjene:<\/span> Preporu\u010dena dnevna doza jest 30 ml (3 \u017elice po 10 ml). Odrasli: 1 \u017elica 3 puta na dan, najbolje prije obroka. Djeca: 1 \u017eli\u010dica 3 puta na dan.<\/p>\n<p>Sastojci u preporu\u010denoj dnevnoj dozi (30 ml = 41 g = 3 \u017elice po 10 ml): ekstrakt smrekinih vr\u0161aka (Picea abies) 8 g, ekstrakt lista paprene metvice (Mentha piperita) 530 mg, vitamin C (L-askorbinska kiselina) 180 mg (225% PDU), vitamin A (retinil palmitat) 240 \u03bcg (30% PDU).<\/p>\n","protected":false},"excerpt":{"rendered":"<p>&#8220;Napravljen po receptu na\u0161ih baka, na osnovi meda.<br \/>\nOsim meda sadr\u017ei smrekine vr\u0161ke i vitamine A i C.<br \/>\nVitamin A doprinosi odr\u017eavanju normalnih sluznica. Vitamin A i vitamin C doprinose normalnoj funkciji imunolo\u0161kog sustava.<\/p>\n","protected":false},"featured_media":0,"template":"","meta":{"_seopress_robots_primary_cat":"","_seopress_titles_title":"","_seopress_titles_desc":"","_seopress_robots_index":"","iawp_total_views":0},"product_brand":[415],"product_cat":[268,269],"product_tag":[],"class_list":{"0":"post-41406","1":"product","2":"type-product","3":"status-publish","5":"product_brand-medex","6":"product_cat-kozmetika-2","7":"product_cat-zastita-koze-268","9":"first","10":"instock","11":"shipping-taxable","12":"purchasable","13":"product-type-simple"},"_links":{"self":[{"href":"https:\/\/singuli.wpress.me\/index.php\/wp-json\/wp\/v2\/product\/41406","targetHints":{"allow":["GET"]}}],"collection":[{"href":"https:\/\/singuli.wpress.me\/index.php\/wp-json\/wp\/v2\/product"}],"about":[{"href":"https:\/\/singuli.wpress.me\/index.php\/wp-json\/wp\/v2\/types\/product"}],"version-history":[{"count":0,"href":"https:\/\/singuli.wpress.me\/index.php\/wp-json\/wp\/v2\/product\/41406\/revisions"}],"wp:attachment":[{"href":"https:\/\/singuli.wpress.me\/index.php\/wp-json\/wp\/v2\/media?parent=41406"}],"wp:term":[{"taxonomy":"product_brand","embeddable":true,"href":"https:\/\/singuli.wpress.me\/index.php\/wp-json\/wp\/v2\/product_brand?post=41406"},{"taxonomy":"product_cat","embeddable":true,"href":"https:\/\/singuli.wpress.me\/index.php\/wp-json\/wp\/v2\/product_cat?post=41406"},{"taxonomy":"product_tag","embeddable":true,"href":"https:\/\/singuli.wpress.me\/index.php\/wp-json\/wp\/v2\/product_tag?post=41406"}],"curies":[{"name":"wp","href":"https:\/\/api.w.org\/{rel}","templated":true}]}}