{"id":41408,"date":"2026-04-19T15:21:34","date_gmt":"2026-04-19T15:21:34","guid":{"rendered":"https:\/\/singuli.wpress.me\/index.php\/proizvod\/ariel-professional-professional-praskasti-deterdzent-7-15-kg\/"},"modified":"2026-04-21T00:27:09","modified_gmt":"2026-04-21T00:27:09","slug":"ariel-professional-professional-praskasti-deterdzent-7-15-kg","status":"publish","type":"product","link":"https:\/\/singuli.wpress.me\/index.php\/proizvod\/ariel-professional-professional-praskasti-deterdzent-7-15-kg\/","title":{"rendered":"ARIEL PROFESSIONAL Professional, pra\u0161kasti deterd\u017eent, 7.15\u00a0kg"},"content":{"rendered":"<p>Ariel Professional pra\u0161kasti deterd\u017eent za pranje rublja Regular by P&amp;G Professional, 130 pranja, 7.15 kg &#8211; Izvanredno uklanjanje mrlja i \u010disto\u0107a ve\u0107 pri 1. pranju.<\/p>\n","protected":false},"excerpt":{"rendered":"<p>Izvanredno uklanjanje mrlja i \u010disto\u0107a ve\u0107 pri 1. pranju<br \/>\nBriljantni rezultati kod mrlja od hrane i tjelesnih teku\u0107ina<br \/>\nIzvanredni rezultati, \u010dak i pri pranju na niskim temperaturama<\/p>\n","protected":false},"featured_media":0,"template":"","meta":{"_seopress_robots_primary_cat":"","_seopress_titles_title":"","_seopress_titles_desc":"","_seopress_robots_index":"","iawp_total_views":0},"product_brand":[768],"product_cat":[283,238],"product_tag":[],"class_list":{"0":"post-41408","1":"product","2":"type-product","3":"status-publish","5":"product_brand-ariel-professional","6":"product_cat-pranje-rublja-238","7":"product_cat-sve-za-dom","9":"first","10":"outofstock","11":"shipping-taxable","12":"purchasable","13":"product-type-simple"},"_links":{"self":[{"href":"https:\/\/singuli.wpress.me\/index.php\/wp-json\/wp\/v2\/product\/41408","targetHints":{"allow":["GET"]}}],"collection":[{"href":"https:\/\/singuli.wpress.me\/index.php\/wp-json\/wp\/v2\/product"}],"about":[{"href":"https:\/\/singuli.wpress.me\/index.php\/wp-json\/wp\/v2\/types\/product"}],"version-history":[{"count":0,"href":"https:\/\/singuli.wpress.me\/index.php\/wp-json\/wp\/v2\/product\/41408\/revisions"}],"wp:attachment":[{"href":"https:\/\/singuli.wpress.me\/index.php\/wp-json\/wp\/v2\/media?parent=41408"}],"wp:term":[{"taxonomy":"product_brand","embeddable":true,"href":"https:\/\/singuli.wpress.me\/index.php\/wp-json\/wp\/v2\/product_brand?post=41408"},{"taxonomy":"product_cat","embeddable":true,"href":"https:\/\/singuli.wpress.me\/index.php\/wp-json\/wp\/v2\/product_cat?post=41408"},{"taxonomy":"product_tag","embeddable":true,"href":"https:\/\/singuli.wpress.me\/index.php\/wp-json\/wp\/v2\/product_tag?post=41408"}],"curies":[{"name":"wp","href":"https:\/\/api.w.org\/{rel}","templated":true}]}}