{"id":41409,"date":"2026-04-19T15:21:34","date_gmt":"2026-04-19T15:21:34","guid":{"rendered":"https:\/\/singuli.wpress.me\/index.php\/proizvod\/twistshake-termosica-bijela-420-ml\/"},"modified":"2026-04-20T12:33:37","modified_gmt":"2026-04-20T12:33:37","slug":"twistshake-termosica-bijela-420-ml","status":"publish","type":"product","link":"https:\/\/singuli.wpress.me\/index.php\/proizvod\/twistshake-termosica-bijela-420-ml\/","title":{"rendered":"TWISTSHAKE, termosica, bijela, 420\u00a0ml"},"content":{"rendered":"<p>Moderna i prakti\u010dna termos boca izra\u0111ena od nehr\u0111aju\u010de \u010delika i silikona odr\u017eava djetetovo pi\u0107e toplim ili hladnim do 10 sati. Zapremnine 420 ml, vrlo tankog je dizajna koji olak\u0161ava spremanje u torbu. Vanjski dio termosice ima mekan, gladak osje\u0107aj ugodan za dr\u017eanje.<\/p>\n","protected":false},"excerpt":{"rendered":"<p>Izra\u0111ena od nehr\u0111aju\u010deg \u010delika i silikona<br \/>\nZapremnine 420 ml<br \/>\nPi\u0107a dr\u017ei toplim ili hladnim do 10 sati<\/p>\n","protected":false},"featured_media":0,"template":"","meta":{"_seopress_robots_primary_cat":"","_seopress_titles_title":"","_seopress_titles_desc":"","_seopress_robots_index":"","iawp_total_views":0},"product_brand":[433],"product_cat":[274,238],"product_tag":[],"class_list":{"0":"post-41409","1":"product","2":"type-product","3":"status-publish","5":"product_brand-twistshake","6":"product_cat-kucanski-pribor-238","7":"product_cat-sve-za-dom","9":"first","10":"outofstock","11":"shipping-taxable","12":"purchasable","13":"product-type-simple"},"_links":{"self":[{"href":"https:\/\/singuli.wpress.me\/index.php\/wp-json\/wp\/v2\/product\/41409","targetHints":{"allow":["GET"]}}],"collection":[{"href":"https:\/\/singuli.wpress.me\/index.php\/wp-json\/wp\/v2\/product"}],"about":[{"href":"https:\/\/singuli.wpress.me\/index.php\/wp-json\/wp\/v2\/types\/product"}],"version-history":[{"count":0,"href":"https:\/\/singuli.wpress.me\/index.php\/wp-json\/wp\/v2\/product\/41409\/revisions"}],"wp:attachment":[{"href":"https:\/\/singuli.wpress.me\/index.php\/wp-json\/wp\/v2\/media?parent=41409"}],"wp:term":[{"taxonomy":"product_brand","embeddable":true,"href":"https:\/\/singuli.wpress.me\/index.php\/wp-json\/wp\/v2\/product_brand?post=41409"},{"taxonomy":"product_cat","embeddable":true,"href":"https:\/\/singuli.wpress.me\/index.php\/wp-json\/wp\/v2\/product_cat?post=41409"},{"taxonomy":"product_tag","embeddable":true,"href":"https:\/\/singuli.wpress.me\/index.php\/wp-json\/wp\/v2\/product_tag?post=41409"}],"curies":[{"name":"wp","href":"https:\/\/api.w.org\/{rel}","templated":true}]}}