{"id":41414,"date":"2026-04-19T15:21:36","date_gmt":"2026-04-19T15:21:36","guid":{"rendered":"https:\/\/singuli.wpress.me\/index.php\/proizvod\/rio-mare-pate-namaz-tunjevina-i-tri-vrste-papra-100-g\/"},"modified":"2026-04-20T12:33:37","modified_gmt":"2026-04-20T12:33:37","slug":"rio-mare-pate-namaz-tunjevina-i-tri-vrste-papra-100-g","status":"publish","type":"product","link":"https:\/\/singuli.wpress.me\/index.php\/proizvod\/rio-mare-pate-namaz-tunjevina-i-tri-vrste-papra-100-g\/","title":{"rendered":"RIO MARE Pate, namaz, tunjevina i tri vrste papra, 100\u00a0g"},"content":{"rendered":"<p>Pat\u00e9 namaz od tunjevine sa zelenim, crvenim i crnim paprom za sve ljubitelje punih i bogatih okusa.<\/p>\n<p> Idealan je za u\u017eivanje uz krekere, a odli\u010dan je i za pripremanje malih sendvi\u010da. <\/p>\n<p>Isprobajte ga sa stabljikama celera i dopustite da vas zavede svojim intenzivnim okusom.<\/p>\n","protected":false},"excerpt":{"rendered":"<p>Kremasti namaz<br \/>\nDosljedna kvaliteta<br \/>\nZa ljubitelje punih i bogatih okusa<\/p>\n","protected":false},"featured_media":0,"template":"","meta":{"_seopress_robots_primary_cat":"","_seopress_titles_title":"","_seopress_titles_desc":"","_seopress_robots_index":"","iawp_total_views":0},"product_brand":[456],"product_cat":[261,299],"product_tag":[],"class_list":{"0":"post-41414","1":"product","2":"type-product","3":"status-publish","5":"product_brand-rio-mare","6":"product_cat-hrana-i-pice","7":"product_cat-konzervirana-i-gotova-hrana-261","9":"first","10":"instock","11":"shipping-taxable","12":"purchasable","13":"product-type-simple"},"_links":{"self":[{"href":"https:\/\/singuli.wpress.me\/index.php\/wp-json\/wp\/v2\/product\/41414","targetHints":{"allow":["GET"]}}],"collection":[{"href":"https:\/\/singuli.wpress.me\/index.php\/wp-json\/wp\/v2\/product"}],"about":[{"href":"https:\/\/singuli.wpress.me\/index.php\/wp-json\/wp\/v2\/types\/product"}],"version-history":[{"count":0,"href":"https:\/\/singuli.wpress.me\/index.php\/wp-json\/wp\/v2\/product\/41414\/revisions"}],"wp:attachment":[{"href":"https:\/\/singuli.wpress.me\/index.php\/wp-json\/wp\/v2\/media?parent=41414"}],"wp:term":[{"taxonomy":"product_brand","embeddable":true,"href":"https:\/\/singuli.wpress.me\/index.php\/wp-json\/wp\/v2\/product_brand?post=41414"},{"taxonomy":"product_cat","embeddable":true,"href":"https:\/\/singuli.wpress.me\/index.php\/wp-json\/wp\/v2\/product_cat?post=41414"},{"taxonomy":"product_tag","embeddable":true,"href":"https:\/\/singuli.wpress.me\/index.php\/wp-json\/wp\/v2\/product_tag?post=41414"}],"curies":[{"name":"wp","href":"https:\/\/api.w.org\/{rel}","templated":true}]}}