{"id":41415,"date":"2026-04-19T15:21:36","date_gmt":"2026-04-19T15:21:36","guid":{"rendered":"https:\/\/singuli.wpress.me\/index.php\/proizvod\/twistshake-prijenosna-podloga-za-previjanje\/"},"modified":"2026-04-20T12:33:37","modified_gmt":"2026-04-20T12:33:37","slug":"twistshake-prijenosna-podloga-za-previjanje","status":"publish","type":"product","link":"https:\/\/singuli.wpress.me\/index.php\/proizvod\/twistshake-prijenosna-podloga-za-previjanje\/","title":{"rendered":"TWISTSHAKE, prijenosna podloga za previjanje"},"content":{"rendered":"<p>Priru\u010dna podloga za previjanje Twistshake olak\u0161ati \u0107e vam previjanje kada to radite izvan svog doma!<\/p>\n<p>Podloga je kompaktna, jednostavna za kori\u0161tenje i priru\u010dna, osim toga ima i poseban d\u017eep za dje\u010dje vla\u017ene maramice i d\u017eep za pelene. Na vanjskoj strani podloge se nalazi veliki d\u017eep sa zatvara\u010dem i ru\u010dkom, koja omogu\u010duje jednostavno no\u0161enje.<\/p>\n<p>Podloga za previjanje se jednostavno rastegne i slo\u017ei, zatvara se s pametnom kop\u010dom.<\/p>\n<p>Ima ugra\u0111en mekani jastuk u unutra\u0161njosti koji nudi dodatnu udobnost tijekom previjanja, vodootporna presvlaka olak\u0161ava \u010di\u0161\u0107enje i ozdr\u017eavanje.<\/p>\n<p><span style=\"font-weight: bold\">Zna\u010dajke:<br \/>\n<\/span>Dimenzije rastegnute podloge: 91,5 x 60 cm<br \/>\nDimenzije zatvorene podloge: 34,5 x 22 cm<br \/>\nMaterijal:100% vodootporan poliester<br \/>\nOzdr\u017eavanje: ru\u010dno pranje i su\u0161enje na zraku.<\/p>\n","protected":false},"excerpt":{"rendered":"<p>Kompaktna podloga, jednostavna za kori\u0161tenje<br \/>\nugra\u0111en mekani jastuk u unutra\u0161njosti<br \/>\nVodootporna<\/p>\n","protected":false},"featured_media":0,"template":"","meta":{"_seopress_robots_primary_cat":"","_seopress_titles_title":"","_seopress_titles_desc":"","_seopress_robots_index":"","iawp_total_views":0},"product_brand":[433],"product_cat":[274,238],"product_tag":[],"class_list":{"0":"post-41415","1":"product","2":"type-product","3":"status-publish","5":"product_brand-twistshake","6":"product_cat-kucanski-pribor-238","7":"product_cat-sve-za-dom","9":"first","10":"outofstock","11":"shipping-taxable","12":"purchasable","13":"product-type-simple"},"_links":{"self":[{"href":"https:\/\/singuli.wpress.me\/index.php\/wp-json\/wp\/v2\/product\/41415","targetHints":{"allow":["GET"]}}],"collection":[{"href":"https:\/\/singuli.wpress.me\/index.php\/wp-json\/wp\/v2\/product"}],"about":[{"href":"https:\/\/singuli.wpress.me\/index.php\/wp-json\/wp\/v2\/types\/product"}],"version-history":[{"count":0,"href":"https:\/\/singuli.wpress.me\/index.php\/wp-json\/wp\/v2\/product\/41415\/revisions"}],"wp:attachment":[{"href":"https:\/\/singuli.wpress.me\/index.php\/wp-json\/wp\/v2\/media?parent=41415"}],"wp:term":[{"taxonomy":"product_brand","embeddable":true,"href":"https:\/\/singuli.wpress.me\/index.php\/wp-json\/wp\/v2\/product_brand?post=41415"},{"taxonomy":"product_cat","embeddable":true,"href":"https:\/\/singuli.wpress.me\/index.php\/wp-json\/wp\/v2\/product_cat?post=41415"},{"taxonomy":"product_tag","embeddable":true,"href":"https:\/\/singuli.wpress.me\/index.php\/wp-json\/wp\/v2\/product_tag?post=41415"}],"curies":[{"name":"wp","href":"https:\/\/api.w.org\/{rel}","templated":true}]}}