{"id":41418,"date":"2026-04-19T15:21:37","date_gmt":"2026-04-19T15:21:37","guid":{"rendered":"https:\/\/singuli.wpress.me\/index.php\/proizvod\/lenor-fresh-air-omeksivac-summer-day-55-pranja-770-ml\/"},"modified":"2026-04-21T00:27:09","modified_gmt":"2026-04-21T00:27:09","slug":"lenor-fresh-air-omeksivac-summer-day-55-pranja-770-ml","status":"publish","type":"product","link":"https:\/\/singuli.wpress.me\/index.php\/proizvod\/lenor-fresh-air-omeksivac-summer-day-55-pranja-770-ml\/","title":{"rendered":"LENOR Fresh Air, omek\u0161iva\u010d, Summer Day, 55 pranja, 770\u00a0ml"},"content":{"rendered":"<p>Odaberite Lenor Fresh Air Effect Summer Day za rublje koje miri\u0161e svje\u017ee kao da se su\u0161ilo vani na svje\u017eem zraku, s energi\u010dnim mirisom citrusa i blistavog oceana. <\/p>\n<p>Formula linije Lenor Fresh Air Effect pru\u017ea svje\u017einu koja se osloba\u0111a i u ormaru i pri no\u0161enju. <\/p>\n<p>Tako\u0111er donosi pouzdanu Lenorovu meko\u0107u te \u0161titi od blije\u0111enja tkanina, stvaranja mucica i razvla\u010denja. <\/p>\n<p>Boca je izra\u0111ena od 100 % reciklirane plastike i uglavnom se mo\u017ee u cijelosti opet reciklirati.* <\/p>\n<p>Sve u svemu, dobro za prirodu, a lijepo i prakti\u010dno za vas. <\/p>\n<p>*osim \u010depa, otvora za izlijevanje i omota.<\/p>\n","protected":false},"excerpt":{"rendered":"<p>Energi\u010dan miris citrusa i blistavog oceana<br \/>\nRublje koje miri\u0161e svje\u017ee kao da se su\u0161ilo na svje\u017eem zraku<\/p>\n","protected":false},"featured_media":0,"template":"","meta":{"_seopress_robots_primary_cat":"","_seopress_titles_title":"","_seopress_titles_desc":"","_seopress_robots_index":"","iawp_total_views":0},"product_brand":[446],"product_cat":[283,238],"product_tag":[],"class_list":{"0":"post-41418","1":"product","2":"type-product","3":"status-publish","5":"product_brand-lenor","6":"product_cat-pranje-rublja-238","7":"product_cat-sve-za-dom","9":"first","10":"outofstock","11":"shipping-taxable","12":"purchasable","13":"product-type-simple"},"_links":{"self":[{"href":"https:\/\/singuli.wpress.me\/index.php\/wp-json\/wp\/v2\/product\/41418","targetHints":{"allow":["GET"]}}],"collection":[{"href":"https:\/\/singuli.wpress.me\/index.php\/wp-json\/wp\/v2\/product"}],"about":[{"href":"https:\/\/singuli.wpress.me\/index.php\/wp-json\/wp\/v2\/types\/product"}],"version-history":[{"count":0,"href":"https:\/\/singuli.wpress.me\/index.php\/wp-json\/wp\/v2\/product\/41418\/revisions"}],"wp:attachment":[{"href":"https:\/\/singuli.wpress.me\/index.php\/wp-json\/wp\/v2\/media?parent=41418"}],"wp:term":[{"taxonomy":"product_brand","embeddable":true,"href":"https:\/\/singuli.wpress.me\/index.php\/wp-json\/wp\/v2\/product_brand?post=41418"},{"taxonomy":"product_cat","embeddable":true,"href":"https:\/\/singuli.wpress.me\/index.php\/wp-json\/wp\/v2\/product_cat?post=41418"},{"taxonomy":"product_tag","embeddable":true,"href":"https:\/\/singuli.wpress.me\/index.php\/wp-json\/wp\/v2\/product_tag?post=41418"}],"curies":[{"name":"wp","href":"https:\/\/api.w.org\/{rel}","templated":true}]}}