{"id":41419,"date":"2026-04-19T15:21:37","date_gmt":"2026-04-19T15:21:37","guid":{"rendered":"https:\/\/singuli.wpress.me\/index.php\/proizvod\/helix-ult-prof-aj-l-0w30-motorno-ulje-za-osobna-vozila-209-l\/"},"modified":"2026-04-20T12:33:37","modified_gmt":"2026-04-20T12:33:37","slug":"helix-ult-prof-aj-l-0w30-motorno-ulje-za-osobna-vozila-209-l","status":"publish","type":"product","link":"https:\/\/singuli.wpress.me\/index.php\/proizvod\/helix-ult-prof-aj-l-0w30-motorno-ulje-za-osobna-vozila-209-l\/","title":{"rendered":"HELIX ULT. PROF AJ-L 0W30, motorno ulje za osobna vozila, 209\u00a0l"},"content":{"rendered":"<p>Potpuno sinteti\u010dko motorno ulje &#8211; prilago\u0111eno da udovolji posebnim zahtjevima proizvo\u0111a\u010da motora visokih performansi, uklju\u010duju\u0107i Jaguar-Land Rover i Ford, kao i motore koji zahtijevaju ACEA C2 specifikaciju. <\/p>\n<p>Odobreno je za dizel motore u skladu s zahtjevnim internim tehni\u010dkim specifikacijama Jaguar Land Rover motornog ulja STJLR.03.5007.<\/p>\n<p><span style=\"font-weight: bold\">Specifikacija:<\/span> API SN, ACEA C2, Jaguar Land Rover STJLR.03.5007.<\/p>\n","protected":false},"excerpt":{"rendered":"<p>Prilago\u0111eno da udovolji posebnim zahtjevima proizvo\u0111a\u010da motora visokih performansi<br \/>\nOdobreno u skladu sa zahtjevnim internim tehni\u010dkim specifikacijama<br \/>\nSpecifikacija u opisu<\/p>\n","protected":false},"featured_media":0,"template":"","meta":{"_seopress_robots_primary_cat":"","_seopress_titles_title":"","_seopress_titles_desc":"","_seopress_robots_index":"","iawp_total_views":0},"product_brand":[398],"product_cat":[243,272],"product_tag":[],"class_list":{"0":"post-41419","1":"product","2":"type-product","3":"status-publish","5":"product_brand-helix","6":"product_cat-automobili-i-motori","7":"product_cat-motorna-ulja-243","9":"first","10":"instock","11":"shipping-taxable","12":"purchasable","13":"product-type-simple"},"_links":{"self":[{"href":"https:\/\/singuli.wpress.me\/index.php\/wp-json\/wp\/v2\/product\/41419","targetHints":{"allow":["GET"]}}],"collection":[{"href":"https:\/\/singuli.wpress.me\/index.php\/wp-json\/wp\/v2\/product"}],"about":[{"href":"https:\/\/singuli.wpress.me\/index.php\/wp-json\/wp\/v2\/types\/product"}],"version-history":[{"count":0,"href":"https:\/\/singuli.wpress.me\/index.php\/wp-json\/wp\/v2\/product\/41419\/revisions"}],"wp:attachment":[{"href":"https:\/\/singuli.wpress.me\/index.php\/wp-json\/wp\/v2\/media?parent=41419"}],"wp:term":[{"taxonomy":"product_brand","embeddable":true,"href":"https:\/\/singuli.wpress.me\/index.php\/wp-json\/wp\/v2\/product_brand?post=41419"},{"taxonomy":"product_cat","embeddable":true,"href":"https:\/\/singuli.wpress.me\/index.php\/wp-json\/wp\/v2\/product_cat?post=41419"},{"taxonomy":"product_tag","embeddable":true,"href":"https:\/\/singuli.wpress.me\/index.php\/wp-json\/wp\/v2\/product_tag?post=41419"}],"curies":[{"name":"wp","href":"https:\/\/api.w.org\/{rel}","templated":true}]}}