{"id":41420,"date":"2026-04-19T15:21:37","date_gmt":"2026-04-19T15:21:37","guid":{"rendered":"https:\/\/singuli.wpress.me\/index.php\/proizvod\/spirax-s4-g-75w80-mjenjacko-ulje-12x1l-12-l\/"},"modified":"2026-04-20T12:33:37","modified_gmt":"2026-04-20T12:33:37","slug":"spirax-s4-g-75w80-mjenjacko-ulje-12x1l-12-l","status":"publish","type":"product","link":"https:\/\/singuli.wpress.me\/index.php\/proizvod\/spirax-s4-g-75w80-mjenjacko-ulje-12x1l-12-l\/","title":{"rendered":"SPIRAX S4 G 75W80, mjenja\u010dko ulje, 12x1l, 12\u00a0l"},"content":{"rendered":"<p>Mjenja\u010dko ulje visokih performansi za ru\u010dne mjenja\u010de kod osobnih vozila PSA grupe. Karakterizira ga visoka sposobnost podno\u0161enja optere\u0107enja, izvrsna tecljivost na niskim temperaturama, visoka smi\u010dna stabilnost, dobra kompatibilnost s brtvenim materijalima te ugla\u0111eni rad mjenja\u010da koji doprinosi minimalnom gubitku energije i u\u0161tedi u potro\u0161nji goriva.<\/p>\n<p>Specifikacija: API GL-4, PSA Standards B71 2315. Zadovoljava PSA B71 2330<\/p>\n","protected":false},"excerpt":{"rendered":"<p>Visoka sposobnost podno\u0161enja optere\u0107enja<br \/>\nIzvrsna tecljivost na niskim temperaturama<br \/>\nMjenja\u010dko ulje za ru\u010dne mjenja\u010de kod osobnih vozila PSA grupe<\/p>\n","protected":false},"featured_media":0,"template":"","meta":{"_seopress_robots_primary_cat":"","_seopress_titles_title":"","_seopress_titles_desc":"","_seopress_robots_index":"","iawp_total_views":0},"product_brand":[371],"product_cat":[243,276],"product_tag":[],"class_list":{"0":"post-41420","1":"product","2":"type-product","3":"status-publish","5":"product_brand-spirax","6":"product_cat-automobili-i-motori","7":"product_cat-industrijska-i-specijalna-ulja-243","9":"first","10":"instock","11":"shipping-taxable","12":"purchasable","13":"product-type-simple"},"_links":{"self":[{"href":"https:\/\/singuli.wpress.me\/index.php\/wp-json\/wp\/v2\/product\/41420","targetHints":{"allow":["GET"]}}],"collection":[{"href":"https:\/\/singuli.wpress.me\/index.php\/wp-json\/wp\/v2\/product"}],"about":[{"href":"https:\/\/singuli.wpress.me\/index.php\/wp-json\/wp\/v2\/types\/product"}],"version-history":[{"count":0,"href":"https:\/\/singuli.wpress.me\/index.php\/wp-json\/wp\/v2\/product\/41420\/revisions"}],"wp:attachment":[{"href":"https:\/\/singuli.wpress.me\/index.php\/wp-json\/wp\/v2\/media?parent=41420"}],"wp:term":[{"taxonomy":"product_brand","embeddable":true,"href":"https:\/\/singuli.wpress.me\/index.php\/wp-json\/wp\/v2\/product_brand?post=41420"},{"taxonomy":"product_cat","embeddable":true,"href":"https:\/\/singuli.wpress.me\/index.php\/wp-json\/wp\/v2\/product_cat?post=41420"},{"taxonomy":"product_tag","embeddable":true,"href":"https:\/\/singuli.wpress.me\/index.php\/wp-json\/wp\/v2\/product_tag?post=41420"}],"curies":[{"name":"wp","href":"https:\/\/api.w.org\/{rel}","templated":true}]}}