{"id":41423,"date":"2026-04-19T15:21:38","date_gmt":"2026-04-19T15:21:38","guid":{"rendered":"https:\/\/singuli.wpress.me\/index.php\/proizvod\/braun-series-3-310bt-shavestyle-brijaci-aparat\/"},"modified":"2026-04-20T12:33:37","modified_gmt":"2026-04-20T12:33:37","slug":"braun-series-3-310bt-shavestyle-brijaci-aparat","status":"publish","type":"product","link":"https:\/\/singuli.wpress.me\/index.php\/proizvod\/braun-series-3-310bt-shavestyle-brijaci-aparat\/","title":{"rendered":"BRAUN Series 3 310BT Shave&amp;Style, brija\u0107i aparat"},"content":{"rendered":"<p>Braun Series 3 Shave&amp;Style 310BT 3 u 1 elektri\u010dni aparat za brijanje za mokro i suho kori\u0161tenje s preciznim trimerom za bradu<\/p>\n<p>&#8211; Brijte, podre\u017eite i oblikujte bradu s ovim svestranim elektri\u010dnim brija\u010dem 3 u 1 i trimerom za bradu za mu\u0161karce.<br \/>\n&#8211; Opremljen je 3-Flex glavom koja osigurava u\u010dinkovitost i ugodu na ko\u017ei, glavom za podrezivanje brade i pet nastavaka za razli\u010dite duljine brade (1-7 mm).<br \/>\n&#8211; Elektri\u010dni aparat za brijanje za suho ili mokro kori\u0161tenje zajedno s vodom, pjenom ili gelom. Vodootporan do dubine od 5 metara.<br \/>\n&#8211; Izdr\u017eljivi aparat za brijanje i trimer za bradu za be\u017ei\u010dnu upotrebu. Dizajnirao i proizveo Braun, Njema\u010dka.<br \/>\n&#8211; Dvije dugotrajne punjive Ni-MH baterije. Potpuno napunjen za jedan sat za 30 minuta brijanja.<\/p>\n","protected":false},"excerpt":{"rendered":"<p>Opremljen je 3-Flex glavom za u\u010dinkovitost i ugodu na ko\u017ei.<br \/>\nDvije dugotrajne punjive Ni-MH baterije.<br \/>\nIzdr\u017eljivi aparat za brijanje i trimer za bradu bez kabela.<\/p>\n","protected":false},"featured_media":0,"template":"","meta":{"_seopress_robots_primary_cat":"","_seopress_titles_title":"","_seopress_titles_desc":"","_seopress_robots_index":"","iawp_total_views":0},"product_brand":[144],"product_cat":[280,192,279],"product_tag":[],"class_list":{"0":"post-41423","1":"product","2":"type-product","3":"status-publish","5":"product_brand-braun","6":"product_cat-aparati-za-muskarce-279","7":"product_cat-aparati-za-osobnu-njegu","8":"product_cat-brijanje-i-sisanje-192","10":"first","11":"outofstock","12":"shipping-taxable","13":"purchasable","14":"product-type-simple"},"_links":{"self":[{"href":"https:\/\/singuli.wpress.me\/index.php\/wp-json\/wp\/v2\/product\/41423","targetHints":{"allow":["GET"]}}],"collection":[{"href":"https:\/\/singuli.wpress.me\/index.php\/wp-json\/wp\/v2\/product"}],"about":[{"href":"https:\/\/singuli.wpress.me\/index.php\/wp-json\/wp\/v2\/types\/product"}],"version-history":[{"count":0,"href":"https:\/\/singuli.wpress.me\/index.php\/wp-json\/wp\/v2\/product\/41423\/revisions"}],"wp:attachment":[{"href":"https:\/\/singuli.wpress.me\/index.php\/wp-json\/wp\/v2\/media?parent=41423"}],"wp:term":[{"taxonomy":"product_brand","embeddable":true,"href":"https:\/\/singuli.wpress.me\/index.php\/wp-json\/wp\/v2\/product_brand?post=41423"},{"taxonomy":"product_cat","embeddable":true,"href":"https:\/\/singuli.wpress.me\/index.php\/wp-json\/wp\/v2\/product_cat?post=41423"},{"taxonomy":"product_tag","embeddable":true,"href":"https:\/\/singuli.wpress.me\/index.php\/wp-json\/wp\/v2\/product_tag?post=41423"}],"curies":[{"name":"wp","href":"https:\/\/api.w.org\/{rel}","templated":true}]}}