{"id":41424,"date":"2026-04-19T15:21:39","date_gmt":"2026-04-19T15:21:39","guid":{"rendered":"https:\/\/singuli.wpress.me\/index.php\/proizvod\/shell-screenwash-winter-conc-tekucina-za-pranje-stakla-20-l\/"},"modified":"2026-04-20T12:33:37","modified_gmt":"2026-04-20T12:33:37","slug":"shell-screenwash-winter-conc-tekucina-za-pranje-stakla-20-l","status":"publish","type":"product","link":"https:\/\/singuli.wpress.me\/index.php\/proizvod\/shell-screenwash-winter-conc-tekucina-za-pranje-stakla-20-l\/","title":{"rendered":"SHELL Screenwash winter conc. , teku\u0107ina za pranje stakla, 20\u00a0l"},"content":{"rendered":"<p>Zimsko sredstvo za pranje stakala vrhunske kvalitete za \u010di\u0161\u0107enje automobilskih stakala i prednjih svjetala. U\u010dinkovito i brzo uklanja prljav\u0161tinu, prometni film, sol i masnu prljav\u0161tinu. \u0160titi od zale\u0111ivanja, smrzavanja i o\u0161te\u0107enja mlaznica za pranje, brisa\u010da i vjetrobranskog stakla. Sadr\u017ei sastojke koji usporavaju isparavanje alkohola smanjuju\u0107i takozvani \u201cefekt hladnog stakla\u201d. Vra\u0107a savr\u0161enu vidljivost, bez pruga i mrlja.<\/p>\n","protected":false},"excerpt":{"rendered":"<p>Zimsko sredstvo za pranje stakala za \u010di\u0161\u0107enje automobilskih stakala i  prednjih svjetala<br \/>\nU\u010dinkovito i brzo uklanja prljav\u0161tinu, prometni film, sol i  masnu prljav\u0161tinu<br \/>\n\u0160titi od zale\u0111ivanja, smrzavanja i o\u0161te\u0107enja mlaznica za pranje, brisa\u010da i vjetrobranskog stakla<\/p>\n","protected":false},"featured_media":0,"template":"","meta":{"_seopress_robots_primary_cat":"","_seopress_titles_title":"","_seopress_titles_desc":"","_seopress_robots_index":"","iawp_total_views":0},"product_brand":[326],"product_cat":[243,273],"product_tag":[],"class_list":{"0":"post-41424","1":"product","2":"type-product","3":"status-publish","5":"product_brand-shell","6":"product_cat-automobili-i-motori","7":"product_cat-njega-vozila-243","9":"first","10":"instock","11":"shipping-taxable","12":"purchasable","13":"product-type-simple"},"_links":{"self":[{"href":"https:\/\/singuli.wpress.me\/index.php\/wp-json\/wp\/v2\/product\/41424","targetHints":{"allow":["GET"]}}],"collection":[{"href":"https:\/\/singuli.wpress.me\/index.php\/wp-json\/wp\/v2\/product"}],"about":[{"href":"https:\/\/singuli.wpress.me\/index.php\/wp-json\/wp\/v2\/types\/product"}],"version-history":[{"count":0,"href":"https:\/\/singuli.wpress.me\/index.php\/wp-json\/wp\/v2\/product\/41424\/revisions"}],"wp:attachment":[{"href":"https:\/\/singuli.wpress.me\/index.php\/wp-json\/wp\/v2\/media?parent=41424"}],"wp:term":[{"taxonomy":"product_brand","embeddable":true,"href":"https:\/\/singuli.wpress.me\/index.php\/wp-json\/wp\/v2\/product_brand?post=41424"},{"taxonomy":"product_cat","embeddable":true,"href":"https:\/\/singuli.wpress.me\/index.php\/wp-json\/wp\/v2\/product_cat?post=41424"},{"taxonomy":"product_tag","embeddable":true,"href":"https:\/\/singuli.wpress.me\/index.php\/wp-json\/wp\/v2\/product_tag?post=41424"}],"curies":[{"name":"wp","href":"https:\/\/api.w.org\/{rel}","templated":true}]}}