{"id":41425,"date":"2026-04-19T15:21:39","date_gmt":"2026-04-19T15:21:39","guid":{"rendered":"https:\/\/singuli.wpress.me\/index.php\/proizvod\/bison-super-ljepilo-12x2g\/"},"modified":"2026-04-21T00:27:09","modified_gmt":"2026-04-21T00:27:09","slug":"bison-super-ljepilo-12x2g","status":"publish","type":"product","link":"https:\/\/singuli.wpress.me\/index.php\/proizvod\/bison-super-ljepilo-12x2g\/","title":{"rendered":"BISON super, ljepilo, 12x2g"},"content":{"rendered":"<p>Iznimno brzo i sna\u017eno.dealno za lijepljenje manjih povr\u0161ina. <\/p>\n<p>Lijepi gotovo sve \u010dvrste i rastezljive materijale kao \u0161to su mnogo vrsta plastike (primjerice tvrdi PVC, ABS, PS, Plexiglas\u00ae, polikarbonat (Makrolon\u00ae) i fenolne smole (Bakelite\u00ae)), ko\u017ea, porculan, keramika, metal, drvo, pluto, filc, tkanina (najprije provjerite prikladnost) i guma. <\/p>\n<p>Djelomi\u010dno je prikladno za staklo (nakon odre\u0111enog vremena spoj postaje lomljiv, zbog \u010dega slabi).<\/p>\n<p>Nije prikladno za PE, PP, silikonske smole, PTFE, stiropor, tkanina i ko\u017ena odje\u0107a.<\/p>\n<p>Uvjeti skladi\u0161tenja: \u010cuvajte na suhom i hladnom mjestu na kojem ne dolazi do smrzavanja.<\/p>\n","protected":false},"excerpt":{"rendered":"<p>Ne kaplje<br \/>\nIdealno za porozne materijale i na okomitim povr\u0161inama<br \/>\nOtporno na pranje u perilici su\u0111a i vodootporno<\/p>\n","protected":false},"featured_media":0,"template":"","meta":{"_seopress_robots_primary_cat":"","_seopress_titles_title":"","_seopress_titles_desc":"","_seopress_robots_index":"","iawp_total_views":0},"product_brand":[494],"product_cat":[264,238],"product_tag":[],"class_list":{"0":"post-41425","1":"product","2":"type-product","3":"status-publish","5":"product_brand-bison","6":"product_cat-ljepila-i-brtvila-238","7":"product_cat-sve-za-dom","9":"first","10":"outofstock","11":"shipping-taxable","12":"purchasable","13":"product-type-simple"},"_links":{"self":[{"href":"https:\/\/singuli.wpress.me\/index.php\/wp-json\/wp\/v2\/product\/41425","targetHints":{"allow":["GET"]}}],"collection":[{"href":"https:\/\/singuli.wpress.me\/index.php\/wp-json\/wp\/v2\/product"}],"about":[{"href":"https:\/\/singuli.wpress.me\/index.php\/wp-json\/wp\/v2\/types\/product"}],"version-history":[{"count":0,"href":"https:\/\/singuli.wpress.me\/index.php\/wp-json\/wp\/v2\/product\/41425\/revisions"}],"wp:attachment":[{"href":"https:\/\/singuli.wpress.me\/index.php\/wp-json\/wp\/v2\/media?parent=41425"}],"wp:term":[{"taxonomy":"product_brand","embeddable":true,"href":"https:\/\/singuli.wpress.me\/index.php\/wp-json\/wp\/v2\/product_brand?post=41425"},{"taxonomy":"product_cat","embeddable":true,"href":"https:\/\/singuli.wpress.me\/index.php\/wp-json\/wp\/v2\/product_cat?post=41425"},{"taxonomy":"product_tag","embeddable":true,"href":"https:\/\/singuli.wpress.me\/index.php\/wp-json\/wp\/v2\/product_tag?post=41425"}],"curies":[{"name":"wp","href":"https:\/\/api.w.org\/{rel}","templated":true}]}}