{"id":41427,"date":"2026-04-19T15:21:40","date_gmt":"2026-04-19T15:21:40","guid":{"rendered":"https:\/\/singuli.wpress.me\/index.php\/proizvod\/natureta-ajvar-domaci-ljuti-290-g\/"},"modified":"2026-04-20T12:33:37","modified_gmt":"2026-04-20T12:33:37","slug":"natureta-ajvar-domaci-ljuti-290-g","status":"publish","type":"product","link":"https:\/\/singuli.wpress.me\/index.php\/proizvod\/natureta-ajvar-domaci-ljuti-290-g\/","title":{"rendered":"NATURETA, ajvar, doma\u0107i ljuti, 290\u00a0g"},"content":{"rendered":"<p>Naturetini prilozi obogatit \u0107e va\u0161 ru\u010dak i ve\u010deru ili vam omogu\u0107iti da pripremite brz i zdrav doru\u010dak. <\/p>\n<p>Naravno, bez njih ne mo\u017eemo zamisliti piknik, pripremaju se po tradicionalnoj doma\u0107oj recepturi i ne sadr\u017ee umjetna bojila, konzervanse i poja\u010diva\u010de okusa. <\/p>\n<p>Okus koji je s nama vi\u0161e od 90 godina.<\/p>\n","protected":false},"excerpt":{"rendered":"<p>Doma\u0107i ljuti ajvar<br \/>\nIzvrstan okus<br \/>\nDoma\u0107a receptura<\/p>\n","protected":false},"featured_media":0,"template":"","meta":{"_seopress_robots_primary_cat":"","_seopress_titles_title":"","_seopress_titles_desc":"","_seopress_robots_index":"","iawp_total_views":0},"product_brand":[811],"product_cat":[261,299],"product_tag":[],"class_list":{"0":"post-41427","1":"product","2":"type-product","3":"status-publish","5":"product_brand-natureta","6":"product_cat-hrana-i-pice","7":"product_cat-konzervirana-i-gotova-hrana-261","9":"first","10":"outofstock","11":"shipping-taxable","12":"purchasable","13":"product-type-simple"},"_links":{"self":[{"href":"https:\/\/singuli.wpress.me\/index.php\/wp-json\/wp\/v2\/product\/41427","targetHints":{"allow":["GET"]}}],"collection":[{"href":"https:\/\/singuli.wpress.me\/index.php\/wp-json\/wp\/v2\/product"}],"about":[{"href":"https:\/\/singuli.wpress.me\/index.php\/wp-json\/wp\/v2\/types\/product"}],"version-history":[{"count":0,"href":"https:\/\/singuli.wpress.me\/index.php\/wp-json\/wp\/v2\/product\/41427\/revisions"}],"wp:attachment":[{"href":"https:\/\/singuli.wpress.me\/index.php\/wp-json\/wp\/v2\/media?parent=41427"}],"wp:term":[{"taxonomy":"product_brand","embeddable":true,"href":"https:\/\/singuli.wpress.me\/index.php\/wp-json\/wp\/v2\/product_brand?post=41427"},{"taxonomy":"product_cat","embeddable":true,"href":"https:\/\/singuli.wpress.me\/index.php\/wp-json\/wp\/v2\/product_cat?post=41427"},{"taxonomy":"product_tag","embeddable":true,"href":"https:\/\/singuli.wpress.me\/index.php\/wp-json\/wp\/v2\/product_tag?post=41427"}],"curies":[{"name":"wp","href":"https:\/\/api.w.org\/{rel}","templated":true}]}}